{"id":9,"date":"2014-10-29T10:46:43","date_gmt":"2014-10-29T10:46:43","guid":{"rendered":"http:\/\/ivicom-consulting.com\/web\/?page_id=9"},"modified":"2023-09-12T07:08:04","modified_gmt":"2023-09-12T07:08:04","slug":"tvrtka","status":"publish","type":"page","link":"https:\/\/ivicom-consulting.com\/web\/tvrtka\/","title":{"rendered":"Tvrtka"},"content":{"rendered":"<p><img loading=\"lazy\" decoding=\"async\" class=\"alignnone size-full wp-image-520\" src=\"http:\/\/ivicom-consulting.com\/web\/wp-content\/uploads\/2014\/10\/hr_tvrtka.jpg\" alt=\"hr_tvrtka\" width=\"669\" height=\"75\" srcset=\"https:\/\/ivicom-consulting.com\/web\/wp-content\/uploads\/2014\/10\/hr_tvrtka.jpg 669w, https:\/\/ivicom-consulting.com\/web\/wp-content\/uploads\/2014\/10\/hr_tvrtka-300x33.jpg 300w, https:\/\/ivicom-consulting.com\/web\/wp-content\/uploads\/2014\/10\/hr_tvrtka-24x2.jpg 24w, https:\/\/ivicom-consulting.com\/web\/wp-content\/uploads\/2014\/10\/hr_tvrtka-36x4.jpg 36w, https:\/\/ivicom-consulting.com\/web\/wp-content\/uploads\/2014\/10\/hr_tvrtka-48x5.jpg 48w\" sizes=\"auto, (max-width: 669px) 100vw, 669px\" \/><\/p>\n<p>IVICOM Consulting Zagreb je tvrtka specijalizirana za usluge konzaltinga, projektiranja, nadzora, upravljanja projektima te izgradnje prvenstveno industrijskih postrojenja ali i ostalih gra\u0111evina uklju\u010divo i razne infrastrukturne projekte.<\/p>\n<p>Povijest tvrtke datira od 1991. god kada je osnovan IVICOM GmbH Austria (danas IVICOM Holding Austria) kao krovna kompanija za aktivnosti u regiji. Podru\u017enica IVICOM GmbH je osnovana u Zagrebu 1999. godine i od tada, unato\u010d recesiji i krizi u industrijskom sektoru, zapo\u010dinje svoj kontinuirani rast kako sa brojem stru\u010dnjaka tako i sa pro\u0161irenjem opsega djelatnosti.<br \/>\nKlju\u010d na\u0161eg uspjeha le\u017ei u ispunjenju misije koju smo si zadali i na \u010demu zasniva na\u0161a politika kvalitete: pravodobno ispunjenje svih obaveza prema kupcima i zaposlenicima te stalno podizanje kvalitete usluga i radnih standarda.<br \/>\nDanas je tvrtka IVICOM Consulting Zagreb jedna od vode\u0107ih in\u017eenjering tvrtki u regiji a sa opsegom usluga koje smo u stanju ponuditi kupcima u raznim granama zasigurno jedinstvena i jednostavno druga\u010dija.<\/p>\n<p><img loading=\"lazy\" decoding=\"async\" class=\"wp-image-1132 alignnone\" src=\"https:\/\/ivicom-consulting.com\/web\/wp-content\/uploads\/2023\/07\/certifikati.jpg\" alt=\"\" width=\"437\" height=\"90\" srcset=\"https:\/\/ivicom-consulting.com\/web\/wp-content\/uploads\/2023\/07\/certifikati.jpg 583w, https:\/\/ivicom-consulting.com\/web\/wp-content\/uploads\/2023\/07\/certifikati-300x62.jpg 300w, https:\/\/ivicom-consulting.com\/web\/wp-content\/uploads\/2023\/07\/certifikati-24x5.jpg 24w, https:\/\/ivicom-consulting.com\/web\/wp-content\/uploads\/2023\/07\/certifikati-36x7.jpg 36w, https:\/\/ivicom-consulting.com\/web\/wp-content\/uploads\/2023\/07\/certifikati-48x10.jpg 48w\" sizes=\"auto, (max-width: 437px) 100vw, 437px\" \/><\/p>\n<p><a href=\"https:\/\/ivicom-consulting.com\/web\/wp-content\/uploads\/2023\/09\/Politika_kvaliteteod.razvojaokolisadrustvene_odg.zdravlja_i_sigurnosti.pdf\" target=\"_blank\" rel=\"noopener\">Politika kvalitete, odr\u017eivog razvoja, okoli\u0161a, dru\u0161tvene odgovornosti, zdravlja i sigurnosti<\/a> (pdf)<\/p>\n","protected":false},"excerpt":{"rendered":"<p>IVICOM Consulting Zagreb je tvrtka specijalizirana za usluge konzaltinga, projektiranja, nadzora, upravljanja projektima te izgradnje prvenstveno industrijskih postrojenja ali i ostalih gra\u0111evina uklju\u010divo i razne infrastrukturne projekte. Povijest tvrtke datira od 1991. god kada je osnovan IVICOM GmbH Austria (danas IVICOM Holding Austria) kao krovna kompanija za aktivnosti u regiji. Podru\u017enica IVICOM GmbH je osnovana [&hellip;]<\/p>\n","protected":false},"author":1,"featured_media":0,"parent":0,"menu_order":0,"comment_status":"closed","ping_status":"closed","template":"","meta":{"footnotes":""},"class_list":["post-9","page","type-page","status-publish","hentry"],"yoast_head":"<!-- This site is optimized with the Yoast SEO plugin v27.4 - https:\/\/yoast.com\/product\/yoast-seo-wordpress\/ -->\n<title>Tvrtka - Ivicom Consulting<\/title>\n<meta name=\"robots\" content=\"index, follow, max-snippet:-1, max-image-preview:large, max-video-preview:-1\" \/>\n<link rel=\"canonical\" href=\"https:\/\/ivicom-consulting.com\/web\/tvrtka\/\" \/>\n<meta property=\"og:locale\" content=\"hr_HR\" \/>\n<meta property=\"og:type\" content=\"article\" \/>\n<meta property=\"og:title\" content=\"Tvrtka - Ivicom Consulting\" \/>\n<meta property=\"og:description\" content=\"IVICOM Consulting Zagreb je tvrtka specijalizirana za usluge konzaltinga, projektiranja, nadzora, upravljanja projektima te izgradnje prvenstveno industrijskih postrojenja ali i ostalih gra\u0111evina uklju\u010divo i razne infrastrukturne projekte. Povijest tvrtke datira od 1991. god kada je osnovan IVICOM GmbH Austria (danas IVICOM Holding Austria) kao krovna kompanija za aktivnosti u regiji. Podru\u017enica IVICOM GmbH je osnovana [&hellip;]\" \/>\n<meta property=\"og:url\" content=\"https:\/\/ivicom-consulting.com\/web\/tvrtka\/\" \/>\n<meta property=\"og:site_name\" content=\"Ivicom Consulting\" \/>\n<meta property=\"article:modified_time\" content=\"2023-09-12T07:08:04+00:00\" \/>\n<meta property=\"og:image\" content=\"http:\/\/ivicom-consulting.com\/web\/wp-content\/uploads\/2014\/10\/hr_tvrtka.jpg\" \/>\n<meta name=\"twitter:label1\" content=\"Procijenjeno vrijeme \u010ditanja\" \/>\n\t<meta name=\"twitter:data1\" content=\"2 minute\" \/>\n<script type=\"application\/ld+json\" class=\"yoast-schema-graph\">{\"@context\":\"https:\\\/\\\/schema.org\",\"@graph\":[{\"@type\":\"WebPage\",\"@id\":\"https:\\\/\\\/ivicom-consulting.com\\\/web\\\/tvrtka\\\/\",\"url\":\"https:\\\/\\\/ivicom-consulting.com\\\/web\\\/tvrtka\\\/\",\"name\":\"Tvrtka - Ivicom Consulting\",\"isPartOf\":{\"@id\":\"https:\\\/\\\/ivicom-consulting.com\\\/web\\\/#website\"},\"primaryImageOfPage\":{\"@id\":\"https:\\\/\\\/ivicom-consulting.com\\\/web\\\/tvrtka\\\/#primaryimage\"},\"image\":{\"@id\":\"https:\\\/\\\/ivicom-consulting.com\\\/web\\\/tvrtka\\\/#primaryimage\"},\"thumbnailUrl\":\"http:\\\/\\\/ivicom-consulting.com\\\/web\\\/wp-content\\\/uploads\\\/2014\\\/10\\\/hr_tvrtka.jpg\",\"datePublished\":\"2014-10-29T10:46:43+00:00\",\"dateModified\":\"2023-09-12T07:08:04+00:00\",\"breadcrumb\":{\"@id\":\"https:\\\/\\\/ivicom-consulting.com\\\/web\\\/tvrtka\\\/#breadcrumb\"},\"inLanguage\":\"hr\",\"potentialAction\":[{\"@type\":\"ReadAction\",\"target\":[\"https:\\\/\\\/ivicom-consulting.com\\\/web\\\/tvrtka\\\/\"]}]},{\"@type\":\"ImageObject\",\"inLanguage\":\"hr\",\"@id\":\"https:\\\/\\\/ivicom-consulting.com\\\/web\\\/tvrtka\\\/#primaryimage\",\"url\":\"http:\\\/\\\/ivicom-consulting.com\\\/web\\\/wp-content\\\/uploads\\\/2014\\\/10\\\/hr_tvrtka.jpg\",\"contentUrl\":\"http:\\\/\\\/ivicom-consulting.com\\\/web\\\/wp-content\\\/uploads\\\/2014\\\/10\\\/hr_tvrtka.jpg\"},{\"@type\":\"BreadcrumbList\",\"@id\":\"https:\\\/\\\/ivicom-consulting.com\\\/web\\\/tvrtka\\\/#breadcrumb\",\"itemListElement\":[{\"@type\":\"ListItem\",\"position\":1,\"name\":\"Home\",\"item\":\"https:\\\/\\\/ivicom-consulting.com\\\/web\\\/language\\\/hr\\\/\"},{\"@type\":\"ListItem\",\"position\":2,\"name\":\"Tvrtka\"}]},{\"@type\":\"WebSite\",\"@id\":\"https:\\\/\\\/ivicom-consulting.com\\\/web\\\/#website\",\"url\":\"https:\\\/\\\/ivicom-consulting.com\\\/web\\\/\",\"name\":\"Ivicom Consulting\",\"description\":\"Ivicom Consulting\",\"potentialAction\":[{\"@type\":\"SearchAction\",\"target\":{\"@type\":\"EntryPoint\",\"urlTemplate\":\"https:\\\/\\\/ivicom-consulting.com\\\/web\\\/?s={search_term_string}\"},\"query-input\":{\"@type\":\"PropertyValueSpecification\",\"valueRequired\":true,\"valueName\":\"search_term_string\"}}],\"inLanguage\":\"hr\"}]}<\/script>\n<!-- \/ Yoast SEO plugin. -->","yoast_head_json":{"title":"Tvrtka - Ivicom Consulting","robots":{"index":"index","follow":"follow","max-snippet":"max-snippet:-1","max-image-preview":"max-image-preview:large","max-video-preview":"max-video-preview:-1"},"canonical":"https:\/\/ivicom-consulting.com\/web\/tvrtka\/","og_locale":"hr_HR","og_type":"article","og_title":"Tvrtka - Ivicom Consulting","og_description":"IVICOM Consulting Zagreb je tvrtka specijalizirana za usluge konzaltinga, projektiranja, nadzora, upravljanja projektima te izgradnje prvenstveno industrijskih postrojenja ali i ostalih gra\u0111evina uklju\u010divo i razne infrastrukturne projekte. Povijest tvrtke datira od 1991. god kada je osnovan IVICOM GmbH Austria (danas IVICOM Holding Austria) kao krovna kompanija za aktivnosti u regiji. Podru\u017enica IVICOM GmbH je osnovana [&hellip;]","og_url":"https:\/\/ivicom-consulting.com\/web\/tvrtka\/","og_site_name":"Ivicom Consulting","article_modified_time":"2023-09-12T07:08:04+00:00","og_image":[{"url":"http:\/\/ivicom-consulting.com\/web\/wp-content\/uploads\/2014\/10\/hr_tvrtka.jpg","type":"","width":"","height":""}],"twitter_misc":{"Procijenjeno vrijeme \u010ditanja":"2 minute"},"schema":{"@context":"https:\/\/schema.org","@graph":[{"@type":"WebPage","@id":"https:\/\/ivicom-consulting.com\/web\/tvrtka\/","url":"https:\/\/ivicom-consulting.com\/web\/tvrtka\/","name":"Tvrtka - Ivicom Consulting","isPartOf":{"@id":"https:\/\/ivicom-consulting.com\/web\/#website"},"primaryImageOfPage":{"@id":"https:\/\/ivicom-consulting.com\/web\/tvrtka\/#primaryimage"},"image":{"@id":"https:\/\/ivicom-consulting.com\/web\/tvrtka\/#primaryimage"},"thumbnailUrl":"http:\/\/ivicom-consulting.com\/web\/wp-content\/uploads\/2014\/10\/hr_tvrtka.jpg","datePublished":"2014-10-29T10:46:43+00:00","dateModified":"2023-09-12T07:08:04+00:00","breadcrumb":{"@id":"https:\/\/ivicom-consulting.com\/web\/tvrtka\/#breadcrumb"},"inLanguage":"hr","potentialAction":[{"@type":"ReadAction","target":["https:\/\/ivicom-consulting.com\/web\/tvrtka\/"]}]},{"@type":"ImageObject","inLanguage":"hr","@id":"https:\/\/ivicom-consulting.com\/web\/tvrtka\/#primaryimage","url":"http:\/\/ivicom-consulting.com\/web\/wp-content\/uploads\/2014\/10\/hr_tvrtka.jpg","contentUrl":"http:\/\/ivicom-consulting.com\/web\/wp-content\/uploads\/2014\/10\/hr_tvrtka.jpg"},{"@type":"BreadcrumbList","@id":"https:\/\/ivicom-consulting.com\/web\/tvrtka\/#breadcrumb","itemListElement":[{"@type":"ListItem","position":1,"name":"Home","item":"https:\/\/ivicom-consulting.com\/web\/language\/hr\/"},{"@type":"ListItem","position":2,"name":"Tvrtka"}]},{"@type":"WebSite","@id":"https:\/\/ivicom-consulting.com\/web\/#website","url":"https:\/\/ivicom-consulting.com\/web\/","name":"Ivicom Consulting","description":"Ivicom Consulting","potentialAction":[{"@type":"SearchAction","target":{"@type":"EntryPoint","urlTemplate":"https:\/\/ivicom-consulting.com\/web\/?s={search_term_string}"},"query-input":{"@type":"PropertyValueSpecification","valueRequired":true,"valueName":"search_term_string"}}],"inLanguage":"hr"}]}},"_links":{"self":[{"href":"https:\/\/ivicom-consulting.com\/web\/wp-json\/wp\/v2\/pages\/9","targetHints":{"allow":["GET"]}}],"collection":[{"href":"https:\/\/ivicom-consulting.com\/web\/wp-json\/wp\/v2\/pages"}],"about":[{"href":"https:\/\/ivicom-consulting.com\/web\/wp-json\/wp\/v2\/types\/page"}],"author":[{"embeddable":true,"href":"https:\/\/ivicom-consulting.com\/web\/wp-json\/wp\/v2\/users\/1"}],"replies":[{"embeddable":true,"href":"https:\/\/ivicom-consulting.com\/web\/wp-json\/wp\/v2\/comments?post=9"}],"version-history":[{"count":11,"href":"https:\/\/ivicom-consulting.com\/web\/wp-json\/wp\/v2\/pages\/9\/revisions"}],"predecessor-version":[{"id":1139,"href":"https:\/\/ivicom-consulting.com\/web\/wp-json\/wp\/v2\/pages\/9\/revisions\/1139"}],"wp:attachment":[{"href":"https:\/\/ivicom-consulting.com\/web\/wp-json\/wp\/v2\/media?parent=9"}],"curies":[{"name":"wp","href":"https:\/\/api.w.org\/{rel}","templated":true}]}}