{"id":35,"date":"2014-11-10T10:59:27","date_gmt":"2014-10-29T11:05:05","guid":{"rendered":"http:\/\/ivicom-consulting.com\/web\/?page_id=35"},"modified":"2014-11-11T12:51:22","modified_gmt":"2014-11-11T12:51:22","slug":"cementna-industrija","status":"publish","type":"page","link":"https:\/\/ivicom-consulting.com\/web\/projekti\/cementna-industrija\/","title":{"rendered":"Cementna industrija"},"content":{"rendered":"<p><img loading=\"lazy\" decoding=\"async\" class=\"alignnone size-full wp-image-586\" src=\"http:\/\/ivicom-consulting.com\/web\/wp-content\/uploads\/2014\/11\/hr_projekti1.jpg\" alt=\"hr_projekti1\" width=\"669\" height=\"75\" srcset=\"https:\/\/ivicom-consulting.com\/web\/wp-content\/uploads\/2014\/11\/hr_projekti1.jpg 669w, https:\/\/ivicom-consulting.com\/web\/wp-content\/uploads\/2014\/11\/hr_projekti1-300x33.jpg 300w, https:\/\/ivicom-consulting.com\/web\/wp-content\/uploads\/2014\/11\/hr_projekti1-24x2.jpg 24w, https:\/\/ivicom-consulting.com\/web\/wp-content\/uploads\/2014\/11\/hr_projekti1-36x4.jpg 36w, https:\/\/ivicom-consulting.com\/web\/wp-content\/uploads\/2014\/11\/hr_projekti1-48x5.jpg 48w\" sizes=\"auto, (max-width: 669px) 100vw, 669px\" \/><\/p>\n<p><strong>\n<!-- Page-list plugin v.5.9 wordpress.org\/plugins\/page-list\/ -->\n<div class=\"page-list page-list-ext \">\n<div class=\"page-list-ext-item\"><div class=\"page-list-ext-image\"><a href=\"https:\/\/ivicom-consulting.com\/web\/projekti\/cementna-industrija\/calucem-transport-klinkera\/\" title=\"CALUCEM transport klinkera\"><img decoding=\"async\" src=\"https:\/\/ivicom-consulting.com\/web\/wp-content\/uploads\/2014\/11\/3_CALUCEM_Istracement-Pula-Hrvatska_Nova-pec-150x150.jpg\" width=\"150\" alt=\"CALUCEM transport klinkera\" \/><\/a><\/div> <h3 class=\"page-list-ext-title\"><a href=\"https:\/\/ivicom-consulting.com\/web\/projekti\/cementna-industrija\/calucem-transport-klinkera\/\" title=\"CALUCEM transport klinkera\">CALUCEM transport klinkera<\/a><\/h3><div class=\"page-list-ext-item-content\">\r\n\r\nIsho\u0111ena gra\u0111evinska dozvola, izra\u0111ena izvedbena dokumentacija<\/div><\/div>\n<div class=\"page-list-ext-item\"><div class=\"page-list-ext-image\"><a href=\"https:\/\/ivicom-consulting.com\/web\/projekti\/cementna-industrija\/cemex-dogradnja-sustava-za-redukciju-kroma-sveti-juraj\/\" title=\"CEMEX dogradnja sustava za redukciju kroma \u201cSveti Juraj\u201d\"><img decoding=\"async\" src=\"https:\/\/ivicom-consulting.com\/web\/wp-content\/uploads\/2014\/11\/Dogradnja-sustava-za-redukciju-kroma-pogon-Sveti-Juraj_2-150x150.jpg\" width=\"150\" alt=\"CEMEX dogradnja sustava za redukciju kroma \u201cSveti Juraj\u201d\" \/><\/a><\/div> <h3 class=\"page-list-ext-title\"><a href=\"https:\/\/ivicom-consulting.com\/web\/projekti\/cementna-industrija\/cemex-dogradnja-sustava-za-redukciju-kroma-sveti-juraj\/\" title=\"CEMEX dogradnja sustava za redukciju kroma \u201cSveti Juraj\u201d\">CEMEX dogradnja sustava za redukciju kroma \u201cSveti Juraj\u201d<\/a><\/h3><div class=\"page-list-ext-item-content\">\r\n\r\nUsluga izvr\u0161ena<\/div><\/div>\n<div class=\"page-list-ext-item\"><div class=\"page-list-ext-image\"><a href=\"https:\/\/ivicom-consulting.com\/web\/projekti\/cementna-industrija\/cemex-otprasivanje-hladnjaka-klinkera-u-tvornici-cementa-10-kolovoz\/\" title=\"CEMEX otpra\u0161ivanje hladnjaka klinkera u tvornici cementa \u201c10. Kolovoz\u201d\"><img decoding=\"async\" src=\"https:\/\/ivicom-consulting.com\/web\/wp-content\/uploads\/2014\/11\/2_Otprasivanje-hladnjaka-klinkera-u-tvornici-cementa-10.-Kolovoz-1-150x150.jpg\" width=\"150\" alt=\"CEMEX otpra\u0161ivanje hladnjaka klinkera u tvornici cementa \u201c10. Kolovoz\u201d\" \/><\/a><\/div> <h3 class=\"page-list-ext-title\"><a href=\"https:\/\/ivicom-consulting.com\/web\/projekti\/cementna-industrija\/cemex-otprasivanje-hladnjaka-klinkera-u-tvornici-cementa-10-kolovoz\/\" title=\"CEMEX otpra\u0161ivanje hladnjaka klinkera u tvornici cementa \u201c10. Kolovoz\u201d\">CEMEX otpra\u0161ivanje hladnjaka klinkera u tvornici cementa \u201c10. Kolovoz\u201d<\/a><\/h3><div class=\"page-list-ext-item-content\">\r\n\r\nIsho\u0111ena uporabna dozvola, postrojenje u pogonu<\/div><\/div>\n<div class=\"page-list-ext-item\"><div class=\"page-list-ext-image\"><a href=\"https:\/\/ivicom-consulting.com\/web\/projekti\/cementna-industrija\/cemex-otprasivanje-hladnjaka-klinkera-u-tvornici-cementa-sv-juraj\/\" title=\"CEMEX otpra\u0161ivanje hladnjaka klinkera u tvornici cementa Sv. Juraj\"><img decoding=\"async\" src=\"https:\/\/ivicom-consulting.com\/web\/wp-content\/uploads\/2014\/11\/1_Otprasivanje-hladnjaka-klinkera-u-tvornici-cementa-Sv.-Juraj-150x150.jpg\" width=\"150\" alt=\"CEMEX otpra\u0161ivanje hladnjaka klinkera u tvornici cementa Sv. Juraj\" \/><\/a><\/div> <h3 class=\"page-list-ext-title\"><a href=\"https:\/\/ivicom-consulting.com\/web\/projekti\/cementna-industrija\/cemex-otprasivanje-hladnjaka-klinkera-u-tvornici-cementa-sv-juraj\/\" title=\"CEMEX otpra\u0161ivanje hladnjaka klinkera u tvornici cementa Sv. Juraj\">CEMEX otpra\u0161ivanje hladnjaka klinkera u tvornici cementa Sv. Juraj<\/a><\/h3><div class=\"page-list-ext-item-content\">\r\n\r\nIsho\u0111ena uporabna dozvola, postrojenje u pogonu<\/div><\/div>\n\n<\/div><\/strong><\/p>\n","protected":false},"excerpt":{"rendered":"","protected":false},"author":1,"featured_media":0,"parent":33,"menu_order":0,"comment_status":"closed","ping_status":"closed","template":"","meta":{"footnotes":""},"class_list":["post-35","page","type-page","status-publish","hentry"],"yoast_head":"<!-- This site is optimized with the Yoast SEO plugin v27.5 - https:\/\/yoast.com\/product\/yoast-seo-wordpress\/ -->\n<title>Cementna industrija - Ivicom Consulting<\/title>\n<meta name=\"robots\" content=\"index, follow, max-snippet:-1, max-image-preview:large, max-video-preview:-1\" \/>\n<link rel=\"canonical\" href=\"https:\/\/ivicom-consulting.com\/web\/projekti\/cementna-industrija\/\" \/>\n<meta property=\"og:locale\" content=\"hr_HR\" \/>\n<meta property=\"og:type\" content=\"article\" \/>\n<meta property=\"og:title\" content=\"Cementna industrija - Ivicom Consulting\" \/>\n<meta property=\"og:url\" content=\"https:\/\/ivicom-consulting.com\/web\/projekti\/cementna-industrija\/\" \/>\n<meta property=\"og:site_name\" content=\"Ivicom Consulting\" \/>\n<meta property=\"article:modified_time\" content=\"2014-11-11T12:51:22+00:00\" \/>\n<meta property=\"og:image\" content=\"http:\/\/ivicom-consulting.com\/web\/wp-content\/uploads\/2014\/11\/hr_projekti1.jpg\" \/>\n<script type=\"application\/ld+json\" class=\"yoast-schema-graph\">{\"@context\":\"https:\\\/\\\/schema.org\",\"@graph\":[{\"@type\":\"WebPage\",\"@id\":\"https:\\\/\\\/ivicom-consulting.com\\\/web\\\/projekti\\\/cementna-industrija\\\/\",\"url\":\"https:\\\/\\\/ivicom-consulting.com\\\/web\\\/projekti\\\/cementna-industrija\\\/\",\"name\":\"Cementna industrija - Ivicom Consulting\",\"isPartOf\":{\"@id\":\"https:\\\/\\\/ivicom-consulting.com\\\/web\\\/#website\"},\"primaryImageOfPage\":{\"@id\":\"https:\\\/\\\/ivicom-consulting.com\\\/web\\\/projekti\\\/cementna-industrija\\\/#primaryimage\"},\"image\":{\"@id\":\"https:\\\/\\\/ivicom-consulting.com\\\/web\\\/projekti\\\/cementna-industrija\\\/#primaryimage\"},\"thumbnailUrl\":\"http:\\\/\\\/ivicom-consulting.com\\\/web\\\/wp-content\\\/uploads\\\/2014\\\/11\\\/hr_projekti1.jpg\",\"datePublished\":\"2014-10-29T11:05:05+00:00\",\"dateModified\":\"2014-11-11T12:51:22+00:00\",\"breadcrumb\":{\"@id\":\"https:\\\/\\\/ivicom-consulting.com\\\/web\\\/projekti\\\/cementna-industrija\\\/#breadcrumb\"},\"inLanguage\":\"hr\",\"potentialAction\":[{\"@type\":\"ReadAction\",\"target\":[\"https:\\\/\\\/ivicom-consulting.com\\\/web\\\/projekti\\\/cementna-industrija\\\/\"]}]},{\"@type\":\"ImageObject\",\"inLanguage\":\"hr\",\"@id\":\"https:\\\/\\\/ivicom-consulting.com\\\/web\\\/projekti\\\/cementna-industrija\\\/#primaryimage\",\"url\":\"http:\\\/\\\/ivicom-consulting.com\\\/web\\\/wp-content\\\/uploads\\\/2014\\\/11\\\/hr_projekti1.jpg\",\"contentUrl\":\"http:\\\/\\\/ivicom-consulting.com\\\/web\\\/wp-content\\\/uploads\\\/2014\\\/11\\\/hr_projekti1.jpg\"},{\"@type\":\"BreadcrumbList\",\"@id\":\"https:\\\/\\\/ivicom-consulting.com\\\/web\\\/projekti\\\/cementna-industrija\\\/#breadcrumb\",\"itemListElement\":[{\"@type\":\"ListItem\",\"position\":1,\"name\":\"Home\",\"item\":\"https:\\\/\\\/ivicom-consulting.com\\\/web\\\/language\\\/hr\\\/\"},{\"@type\":\"ListItem\",\"position\":2,\"name\":\"Projekti\",\"item\":\"https:\\\/\\\/ivicom-consulting.com\\\/web\\\/projekti\\\/\"},{\"@type\":\"ListItem\",\"position\":3,\"name\":\"Cementna industrija\"}]},{\"@type\":\"WebSite\",\"@id\":\"https:\\\/\\\/ivicom-consulting.com\\\/web\\\/#website\",\"url\":\"https:\\\/\\\/ivicom-consulting.com\\\/web\\\/\",\"name\":\"Ivicom Consulting\",\"description\":\"Ivicom Consulting\",\"potentialAction\":[{\"@type\":\"SearchAction\",\"target\":{\"@type\":\"EntryPoint\",\"urlTemplate\":\"https:\\\/\\\/ivicom-consulting.com\\\/web\\\/?s={search_term_string}\"},\"query-input\":{\"@type\":\"PropertyValueSpecification\",\"valueRequired\":true,\"valueName\":\"search_term_string\"}}],\"inLanguage\":\"hr\"}]}<\/script>\n<!-- \/ Yoast SEO plugin. -->","yoast_head_json":{"title":"Cementna industrija - Ivicom Consulting","robots":{"index":"index","follow":"follow","max-snippet":"max-snippet:-1","max-image-preview":"max-image-preview:large","max-video-preview":"max-video-preview:-1"},"canonical":"https:\/\/ivicom-consulting.com\/web\/projekti\/cementna-industrija\/","og_locale":"hr_HR","og_type":"article","og_title":"Cementna industrija - Ivicom Consulting","og_url":"https:\/\/ivicom-consulting.com\/web\/projekti\/cementna-industrija\/","og_site_name":"Ivicom Consulting","article_modified_time":"2014-11-11T12:51:22+00:00","og_image":[{"url":"http:\/\/ivicom-consulting.com\/web\/wp-content\/uploads\/2014\/11\/hr_projekti1.jpg","type":"","width":"","height":""}],"schema":{"@context":"https:\/\/schema.org","@graph":[{"@type":"WebPage","@id":"https:\/\/ivicom-consulting.com\/web\/projekti\/cementna-industrija\/","url":"https:\/\/ivicom-consulting.com\/web\/projekti\/cementna-industrija\/","name":"Cementna industrija - Ivicom Consulting","isPartOf":{"@id":"https:\/\/ivicom-consulting.com\/web\/#website"},"primaryImageOfPage":{"@id":"https:\/\/ivicom-consulting.com\/web\/projekti\/cementna-industrija\/#primaryimage"},"image":{"@id":"https:\/\/ivicom-consulting.com\/web\/projekti\/cementna-industrija\/#primaryimage"},"thumbnailUrl":"http:\/\/ivicom-consulting.com\/web\/wp-content\/uploads\/2014\/11\/hr_projekti1.jpg","datePublished":"2014-10-29T11:05:05+00:00","dateModified":"2014-11-11T12:51:22+00:00","breadcrumb":{"@id":"https:\/\/ivicom-consulting.com\/web\/projekti\/cementna-industrija\/#breadcrumb"},"inLanguage":"hr","potentialAction":[{"@type":"ReadAction","target":["https:\/\/ivicom-consulting.com\/web\/projekti\/cementna-industrija\/"]}]},{"@type":"ImageObject","inLanguage":"hr","@id":"https:\/\/ivicom-consulting.com\/web\/projekti\/cementna-industrija\/#primaryimage","url":"http:\/\/ivicom-consulting.com\/web\/wp-content\/uploads\/2014\/11\/hr_projekti1.jpg","contentUrl":"http:\/\/ivicom-consulting.com\/web\/wp-content\/uploads\/2014\/11\/hr_projekti1.jpg"},{"@type":"BreadcrumbList","@id":"https:\/\/ivicom-consulting.com\/web\/projekti\/cementna-industrija\/#breadcrumb","itemListElement":[{"@type":"ListItem","position":1,"name":"Home","item":"https:\/\/ivicom-consulting.com\/web\/language\/hr\/"},{"@type":"ListItem","position":2,"name":"Projekti","item":"https:\/\/ivicom-consulting.com\/web\/projekti\/"},{"@type":"ListItem","position":3,"name":"Cementna industrija"}]},{"@type":"WebSite","@id":"https:\/\/ivicom-consulting.com\/web\/#website","url":"https:\/\/ivicom-consulting.com\/web\/","name":"Ivicom Consulting","description":"Ivicom Consulting","potentialAction":[{"@type":"SearchAction","target":{"@type":"EntryPoint","urlTemplate":"https:\/\/ivicom-consulting.com\/web\/?s={search_term_string}"},"query-input":{"@type":"PropertyValueSpecification","valueRequired":true,"valueName":"search_term_string"}}],"inLanguage":"hr"}]}},"_links":{"self":[{"href":"https:\/\/ivicom-consulting.com\/web\/wp-json\/wp\/v2\/pages\/35","targetHints":{"allow":["GET"]}}],"collection":[{"href":"https:\/\/ivicom-consulting.com\/web\/wp-json\/wp\/v2\/pages"}],"about":[{"href":"https:\/\/ivicom-consulting.com\/web\/wp-json\/wp\/v2\/types\/page"}],"author":[{"embeddable":true,"href":"https:\/\/ivicom-consulting.com\/web\/wp-json\/wp\/v2\/users\/1"}],"replies":[{"embeddable":true,"href":"https:\/\/ivicom-consulting.com\/web\/wp-json\/wp\/v2\/comments?post=35"}],"version-history":[{"count":3,"href":"https:\/\/ivicom-consulting.com\/web\/wp-json\/wp\/v2\/pages\/35\/revisions"}],"predecessor-version":[{"id":593,"href":"https:\/\/ivicom-consulting.com\/web\/wp-json\/wp\/v2\/pages\/35\/revisions\/593"}],"up":[{"embeddable":true,"href":"https:\/\/ivicom-consulting.com\/web\/wp-json\/wp\/v2\/pages\/33"}],"wp:attachment":[{"href":"https:\/\/ivicom-consulting.com\/web\/wp-json\/wp\/v2\/media?parent=35"}],"curies":[{"name":"wp","href":"https:\/\/api.w.org\/{rel}","templated":true}]}}