{"id":31,"date":"2014-10-29T11:04:19","date_gmt":"2014-10-29T11:04:19","guid":{"rendered":"http:\/\/ivicom-consulting.com\/web\/?page_id=31"},"modified":"2015-06-10T11:07:48","modified_gmt":"2015-06-10T11:07:48","slug":"konzultantske-usluge","status":"publish","type":"page","link":"https:\/\/ivicom-consulting.com\/web\/usluge\/konzultantske-usluge\/","title":{"rendered":"Konzultantske usluge"},"content":{"rendered":"<p><img loading=\"lazy\" decoding=\"async\" class=\"alignnone size-full wp-image-543\" src=\"http:\/\/ivicom-consulting.com\/web\/wp-content\/uploads\/2014\/10\/hr_usluge7.jpg\" alt=\"hr_usluge7\" width=\"669\" height=\"75\" srcset=\"https:\/\/ivicom-consulting.com\/web\/wp-content\/uploads\/2014\/10\/hr_usluge7.jpg 669w, https:\/\/ivicom-consulting.com\/web\/wp-content\/uploads\/2014\/10\/hr_usluge7-300x33.jpg 300w, https:\/\/ivicom-consulting.com\/web\/wp-content\/uploads\/2014\/10\/hr_usluge7-24x2.jpg 24w, https:\/\/ivicom-consulting.com\/web\/wp-content\/uploads\/2014\/10\/hr_usluge7-36x4.jpg 36w, https:\/\/ivicom-consulting.com\/web\/wp-content\/uploads\/2014\/10\/hr_usluge7-48x5.jpg 48w\" sizes=\"auto, (max-width: 669px) 100vw, 669px\" \/><\/p>\n<p>Cilj savjetovanja je pru\u017eiti uspje\u0161no prilago\u0111avanje tehni\u010dkih, ekonomskih i regulatornih elemenata projekta. Na\u0161a stru\u010dna iskustva omogu\u0107uju pru\u017eanje nepristranih i objektivnih konzultantskih usluga te pomo\u0107 na\u0161im klijentima u procesu dono\u0161enja odluka.<\/p>\n<ul>\n<li><strong>Koncepti razvoja<\/strong><\/li>\n<li><strong>Procjene podataka<\/strong><\/li>\n<li><strong>Opis projekta<\/strong><\/li>\n<li><strong>Usporedba koncepata<\/strong><\/li>\n<li><strong>Projekt optimizacije projekta<\/strong><\/li>\n<li><strong>Analiza procjene tro\u0161kova<\/strong><\/li>\n<li><strong>Procjena tro\u0161kova<\/strong><\/li>\n<li><strong>Pregled projektne dokumentacije<\/strong><\/li>\n<li><strong>Analiza lokacije<\/strong><\/li>\n<li><strong>Procjena postoje\u0107ih objekata<\/strong><\/li>\n<li><strong>Strategija isho\u0111enja dozvola<\/strong><\/li>\n<li><strong>Provjera tehni\u010dkih rje\u0161enja izra\u0111enih od tre\u0107ih strana<\/strong><\/li>\n<li><strong>Potpora pri upravljanju projektima, Voditelji projekta<\/strong><\/li>\n<\/ul>\n","protected":false},"excerpt":{"rendered":"<p>Cilj savjetovanja je pru\u017eiti uspje\u0161no prilago\u0111avanje tehni\u010dkih, ekonomskih i regulatornih elemenata projekta. Na\u0161a stru\u010dna iskustva omogu\u0107uju pru\u017eanje nepristranih i objektivnih konzultantskih usluga te pomo\u0107 na\u0161im klijentima u procesu dono\u0161enja odluka. Koncepti razvoja Procjene podataka Opis projekta Usporedba koncepata Projekt optimizacije projekta Analiza procjene tro\u0161kova Procjena tro\u0161kova Pregled projektne dokumentacije Analiza lokacije Procjena postoje\u0107ih objekata Strategija [&hellip;]<\/p>\n","protected":false},"author":1,"featured_media":0,"parent":17,"menu_order":0,"comment_status":"closed","ping_status":"closed","template":"","meta":{"footnotes":""},"class_list":["post-31","page","type-page","status-publish","hentry"],"yoast_head":"<!-- This site is optimized with the Yoast SEO plugin v27.5 - https:\/\/yoast.com\/product\/yoast-seo-wordpress\/ -->\n<title>Konzultantske usluge - Ivicom Consulting<\/title>\n<meta name=\"robots\" content=\"index, follow, max-snippet:-1, max-image-preview:large, max-video-preview:-1\" \/>\n<link rel=\"canonical\" href=\"https:\/\/ivicom-consulting.com\/web\/usluge\/konzultantske-usluge\/\" \/>\n<meta property=\"og:locale\" content=\"hr_HR\" \/>\n<meta property=\"og:type\" content=\"article\" \/>\n<meta property=\"og:title\" content=\"Konzultantske usluge - Ivicom Consulting\" \/>\n<meta property=\"og:description\" content=\"Cilj savjetovanja je pru\u017eiti uspje\u0161no prilago\u0111avanje tehni\u010dkih, ekonomskih i regulatornih elemenata projekta. Na\u0161a stru\u010dna iskustva omogu\u0107uju pru\u017eanje nepristranih i objektivnih konzultantskih usluga te pomo\u0107 na\u0161im klijentima u procesu dono\u0161enja odluka. Koncepti razvoja Procjene podataka Opis projekta Usporedba koncepata Projekt optimizacije projekta Analiza procjene tro\u0161kova Procjena tro\u0161kova Pregled projektne dokumentacije Analiza lokacije Procjena postoje\u0107ih objekata Strategija [&hellip;]\" \/>\n<meta property=\"og:url\" content=\"https:\/\/ivicom-consulting.com\/web\/usluge\/konzultantske-usluge\/\" \/>\n<meta property=\"og:site_name\" content=\"Ivicom Consulting\" \/>\n<meta property=\"article:modified_time\" content=\"2015-06-10T11:07:48+00:00\" \/>\n<meta property=\"og:image\" content=\"http:\/\/ivicom-consulting.com\/web\/wp-content\/uploads\/2014\/10\/hr_usluge7.jpg\" \/>\n<script type=\"application\/ld+json\" class=\"yoast-schema-graph\">{\"@context\":\"https:\\\/\\\/schema.org\",\"@graph\":[{\"@type\":\"WebPage\",\"@id\":\"https:\\\/\\\/ivicom-consulting.com\\\/web\\\/usluge\\\/konzultantske-usluge\\\/\",\"url\":\"https:\\\/\\\/ivicom-consulting.com\\\/web\\\/usluge\\\/konzultantske-usluge\\\/\",\"name\":\"Konzultantske usluge - Ivicom Consulting\",\"isPartOf\":{\"@id\":\"https:\\\/\\\/ivicom-consulting.com\\\/web\\\/#website\"},\"primaryImageOfPage\":{\"@id\":\"https:\\\/\\\/ivicom-consulting.com\\\/web\\\/usluge\\\/konzultantske-usluge\\\/#primaryimage\"},\"image\":{\"@id\":\"https:\\\/\\\/ivicom-consulting.com\\\/web\\\/usluge\\\/konzultantske-usluge\\\/#primaryimage\"},\"thumbnailUrl\":\"http:\\\/\\\/ivicom-consulting.com\\\/web\\\/wp-content\\\/uploads\\\/2014\\\/10\\\/hr_usluge7.jpg\",\"datePublished\":\"2014-10-29T11:04:19+00:00\",\"dateModified\":\"2015-06-10T11:07:48+00:00\",\"breadcrumb\":{\"@id\":\"https:\\\/\\\/ivicom-consulting.com\\\/web\\\/usluge\\\/konzultantske-usluge\\\/#breadcrumb\"},\"inLanguage\":\"hr\",\"potentialAction\":[{\"@type\":\"ReadAction\",\"target\":[\"https:\\\/\\\/ivicom-consulting.com\\\/web\\\/usluge\\\/konzultantske-usluge\\\/\"]}]},{\"@type\":\"ImageObject\",\"inLanguage\":\"hr\",\"@id\":\"https:\\\/\\\/ivicom-consulting.com\\\/web\\\/usluge\\\/konzultantske-usluge\\\/#primaryimage\",\"url\":\"http:\\\/\\\/ivicom-consulting.com\\\/web\\\/wp-content\\\/uploads\\\/2014\\\/10\\\/hr_usluge7.jpg\",\"contentUrl\":\"http:\\\/\\\/ivicom-consulting.com\\\/web\\\/wp-content\\\/uploads\\\/2014\\\/10\\\/hr_usluge7.jpg\"},{\"@type\":\"BreadcrumbList\",\"@id\":\"https:\\\/\\\/ivicom-consulting.com\\\/web\\\/usluge\\\/konzultantske-usluge\\\/#breadcrumb\",\"itemListElement\":[{\"@type\":\"ListItem\",\"position\":1,\"name\":\"Home\",\"item\":\"https:\\\/\\\/ivicom-consulting.com\\\/web\\\/language\\\/hr\\\/\"},{\"@type\":\"ListItem\",\"position\":2,\"name\":\"Usluge\",\"item\":\"https:\\\/\\\/ivicom-consulting.com\\\/web\\\/usluge\\\/\"},{\"@type\":\"ListItem\",\"position\":3,\"name\":\"Konzultantske usluge\"}]},{\"@type\":\"WebSite\",\"@id\":\"https:\\\/\\\/ivicom-consulting.com\\\/web\\\/#website\",\"url\":\"https:\\\/\\\/ivicom-consulting.com\\\/web\\\/\",\"name\":\"Ivicom Consulting\",\"description\":\"Ivicom Consulting\",\"potentialAction\":[{\"@type\":\"SearchAction\",\"target\":{\"@type\":\"EntryPoint\",\"urlTemplate\":\"https:\\\/\\\/ivicom-consulting.com\\\/web\\\/?s={search_term_string}\"},\"query-input\":{\"@type\":\"PropertyValueSpecification\",\"valueRequired\":true,\"valueName\":\"search_term_string\"}}],\"inLanguage\":\"hr\"}]}<\/script>\n<!-- \/ Yoast SEO plugin. -->","yoast_head_json":{"title":"Konzultantske usluge - Ivicom Consulting","robots":{"index":"index","follow":"follow","max-snippet":"max-snippet:-1","max-image-preview":"max-image-preview:large","max-video-preview":"max-video-preview:-1"},"canonical":"https:\/\/ivicom-consulting.com\/web\/usluge\/konzultantske-usluge\/","og_locale":"hr_HR","og_type":"article","og_title":"Konzultantske usluge - Ivicom Consulting","og_description":"Cilj savjetovanja je pru\u017eiti uspje\u0161no prilago\u0111avanje tehni\u010dkih, ekonomskih i regulatornih elemenata projekta. Na\u0161a stru\u010dna iskustva omogu\u0107uju pru\u017eanje nepristranih i objektivnih konzultantskih usluga te pomo\u0107 na\u0161im klijentima u procesu dono\u0161enja odluka. Koncepti razvoja Procjene podataka Opis projekta Usporedba koncepata Projekt optimizacije projekta Analiza procjene tro\u0161kova Procjena tro\u0161kova Pregled projektne dokumentacije Analiza lokacije Procjena postoje\u0107ih objekata Strategija [&hellip;]","og_url":"https:\/\/ivicom-consulting.com\/web\/usluge\/konzultantske-usluge\/","og_site_name":"Ivicom Consulting","article_modified_time":"2015-06-10T11:07:48+00:00","og_image":[{"url":"http:\/\/ivicom-consulting.com\/web\/wp-content\/uploads\/2014\/10\/hr_usluge7.jpg","type":"","width":"","height":""}],"schema":{"@context":"https:\/\/schema.org","@graph":[{"@type":"WebPage","@id":"https:\/\/ivicom-consulting.com\/web\/usluge\/konzultantske-usluge\/","url":"https:\/\/ivicom-consulting.com\/web\/usluge\/konzultantske-usluge\/","name":"Konzultantske usluge - Ivicom Consulting","isPartOf":{"@id":"https:\/\/ivicom-consulting.com\/web\/#website"},"primaryImageOfPage":{"@id":"https:\/\/ivicom-consulting.com\/web\/usluge\/konzultantske-usluge\/#primaryimage"},"image":{"@id":"https:\/\/ivicom-consulting.com\/web\/usluge\/konzultantske-usluge\/#primaryimage"},"thumbnailUrl":"http:\/\/ivicom-consulting.com\/web\/wp-content\/uploads\/2014\/10\/hr_usluge7.jpg","datePublished":"2014-10-29T11:04:19+00:00","dateModified":"2015-06-10T11:07:48+00:00","breadcrumb":{"@id":"https:\/\/ivicom-consulting.com\/web\/usluge\/konzultantske-usluge\/#breadcrumb"},"inLanguage":"hr","potentialAction":[{"@type":"ReadAction","target":["https:\/\/ivicom-consulting.com\/web\/usluge\/konzultantske-usluge\/"]}]},{"@type":"ImageObject","inLanguage":"hr","@id":"https:\/\/ivicom-consulting.com\/web\/usluge\/konzultantske-usluge\/#primaryimage","url":"http:\/\/ivicom-consulting.com\/web\/wp-content\/uploads\/2014\/10\/hr_usluge7.jpg","contentUrl":"http:\/\/ivicom-consulting.com\/web\/wp-content\/uploads\/2014\/10\/hr_usluge7.jpg"},{"@type":"BreadcrumbList","@id":"https:\/\/ivicom-consulting.com\/web\/usluge\/konzultantske-usluge\/#breadcrumb","itemListElement":[{"@type":"ListItem","position":1,"name":"Home","item":"https:\/\/ivicom-consulting.com\/web\/language\/hr\/"},{"@type":"ListItem","position":2,"name":"Usluge","item":"https:\/\/ivicom-consulting.com\/web\/usluge\/"},{"@type":"ListItem","position":3,"name":"Konzultantske usluge"}]},{"@type":"WebSite","@id":"https:\/\/ivicom-consulting.com\/web\/#website","url":"https:\/\/ivicom-consulting.com\/web\/","name":"Ivicom Consulting","description":"Ivicom Consulting","potentialAction":[{"@type":"SearchAction","target":{"@type":"EntryPoint","urlTemplate":"https:\/\/ivicom-consulting.com\/web\/?s={search_term_string}"},"query-input":{"@type":"PropertyValueSpecification","valueRequired":true,"valueName":"search_term_string"}}],"inLanguage":"hr"}]}},"_links":{"self":[{"href":"https:\/\/ivicom-consulting.com\/web\/wp-json\/wp\/v2\/pages\/31","targetHints":{"allow":["GET"]}}],"collection":[{"href":"https:\/\/ivicom-consulting.com\/web\/wp-json\/wp\/v2\/pages"}],"about":[{"href":"https:\/\/ivicom-consulting.com\/web\/wp-json\/wp\/v2\/types\/page"}],"author":[{"embeddable":true,"href":"https:\/\/ivicom-consulting.com\/web\/wp-json\/wp\/v2\/users\/1"}],"replies":[{"embeddable":true,"href":"https:\/\/ivicom-consulting.com\/web\/wp-json\/wp\/v2\/comments?post=31"}],"version-history":[{"count":4,"href":"https:\/\/ivicom-consulting.com\/web\/wp-json\/wp\/v2\/pages\/31\/revisions"}],"predecessor-version":[{"id":695,"href":"https:\/\/ivicom-consulting.com\/web\/wp-json\/wp\/v2\/pages\/31\/revisions\/695"}],"up":[{"embeddable":true,"href":"https:\/\/ivicom-consulting.com\/web\/wp-json\/wp\/v2\/pages\/17"}],"wp:attachment":[{"href":"https:\/\/ivicom-consulting.com\/web\/wp-json\/wp\/v2\/media?parent=31"}],"curies":[{"name":"wp","href":"https:\/\/api.w.org\/{rel}","templated":true}]}}