{"id":287,"date":"2014-11-06T12:55:17","date_gmt":"2014-11-06T12:55:17","guid":{"rendered":"http:\/\/ivicom-consulting.com\/web\/?page_id=287"},"modified":"2014-11-06T12:55:17","modified_gmt":"2014-11-06T12:55:17","slug":"cemex-otprasivanje-hladnjaka-klinkera-u-tvornici-cementa-sv-juraj","status":"publish","type":"page","link":"https:\/\/ivicom-consulting.com\/web\/projekti\/cementna-industrija\/cemex-otprasivanje-hladnjaka-klinkera-u-tvornici-cementa-sv-juraj\/","title":{"rendered":"CEMEX otpra\u0161ivanje hladnjaka klinkera u tvornici cementa Sv. Juraj"},"content":{"rendered":"<p><img loading=\"lazy\" decoding=\"async\" class=\"alignnone size-full wp-image-288\" src=\"http:\/\/ivicom-consulting.com\/web\/wp-content\/uploads\/2014\/11\/1_Otprasivanje-hladnjaka-klinkera-u-tvornici-cementa-Sv.-Juraj.jpg\" alt=\"1_Otprasivanje-hladnjaka-klinkera-u-tvornici-cementa-Sv.-Juraj\" width=\"600\" height=\"375\" srcset=\"https:\/\/ivicom-consulting.com\/web\/wp-content\/uploads\/2014\/11\/1_Otprasivanje-hladnjaka-klinkera-u-tvornici-cementa-Sv.-Juraj.jpg 600w, https:\/\/ivicom-consulting.com\/web\/wp-content\/uploads\/2014\/11\/1_Otprasivanje-hladnjaka-klinkera-u-tvornici-cementa-Sv.-Juraj-300x187.jpg 300w, https:\/\/ivicom-consulting.com\/web\/wp-content\/uploads\/2014\/11\/1_Otprasivanje-hladnjaka-klinkera-u-tvornici-cementa-Sv.-Juraj-24x15.jpg 24w, https:\/\/ivicom-consulting.com\/web\/wp-content\/uploads\/2014\/11\/1_Otprasivanje-hladnjaka-klinkera-u-tvornici-cementa-Sv.-Juraj-36x22.jpg 36w, https:\/\/ivicom-consulting.com\/web\/wp-content\/uploads\/2014\/11\/1_Otprasivanje-hladnjaka-klinkera-u-tvornici-cementa-Sv.-Juraj-48x30.jpg 48w\" sizes=\"auto, (max-width: 600px) 100vw, 600px\" \/><\/p>\n<p>Isho\u0111ena uporabna dozvola, postrojenje u pogonu<!--more--><\/p>\n<p><strong>KUPAC IVICOM-a<\/strong><br \/>\nContimpianti, Italija \/ Svibanj 2006.<\/p>\n<p><strong> IVICOM OPSEG POSLOVA<br \/>\n<\/strong><strong>Isho\u0111enje dozvola:<\/strong><\/p>\n<ul>\n<li>Izrada idejnog projekta za lokacijsku dozvolu<\/li>\n<li>Izrada glavnog projekta za gra\u0111evinsku dozvolu<\/li>\n<li>Izrada izvedbenog i projekta izvedenog stanja te priprema dokumentacije za tehni\u010dki pregled za isho\u0111enje uporabne dozvole<\/li>\n<\/ul>\n<p><strong>Konzultantske usluge:<\/strong><\/p>\n<ul>\n<li>Priprema natje\u010dajne dokumentacije za lokalnu dobavu i usluge, ocjena ponuda i ugovaranje u ime Klijenta<\/li>\n<\/ul>\n<p><strong>Gra\u0111enje:<br \/>\n<\/strong>Vo\u0111enje gra\u0111enja te gra\u0111evinskih i strojarskih radova \u2013 glavni in\u017eenjer gradili\u0161ta<\/p>\n","protected":false},"excerpt":{"rendered":"<p>Isho\u0111ena uporabna dozvola, postrojenje u pogonu<\/p>\n","protected":false},"author":1,"featured_media":288,"parent":35,"menu_order":0,"comment_status":"closed","ping_status":"open","template":"","meta":{"footnotes":""},"class_list":["post-287","page","type-page","status-publish","has-post-thumbnail","hentry"],"yoast_head":"<!-- This site is optimized with the Yoast SEO plugin v27.5 - https:\/\/yoast.com\/product\/yoast-seo-wordpress\/ -->\n<title>CEMEX otpra\u0161ivanje hladnjaka klinkera u tvornici cementa Sv. Juraj - Ivicom Consulting<\/title>\n<meta name=\"robots\" content=\"index, follow, max-snippet:-1, max-image-preview:large, max-video-preview:-1\" \/>\n<link rel=\"canonical\" href=\"https:\/\/ivicom-consulting.com\/web\/projekti\/cementna-industrija\/cemex-otprasivanje-hladnjaka-klinkera-u-tvornici-cementa-sv-juraj\/\" \/>\n<meta property=\"og:locale\" content=\"hr_HR\" \/>\n<meta property=\"og:type\" content=\"article\" \/>\n<meta property=\"og:title\" content=\"CEMEX otpra\u0161ivanje hladnjaka klinkera u tvornici cementa Sv. Juraj - Ivicom Consulting\" \/>\n<meta property=\"og:description\" content=\"Isho\u0111ena uporabna dozvola, postrojenje u pogonu\" \/>\n<meta property=\"og:url\" content=\"https:\/\/ivicom-consulting.com\/web\/projekti\/cementna-industrija\/cemex-otprasivanje-hladnjaka-klinkera-u-tvornici-cementa-sv-juraj\/\" \/>\n<meta property=\"og:site_name\" content=\"Ivicom Consulting\" \/>\n<meta property=\"og:image\" content=\"https:\/\/ivicom-consulting.com\/web\/wp-content\/uploads\/2014\/11\/1_Otprasivanje-hladnjaka-klinkera-u-tvornici-cementa-Sv.-Juraj.jpg\" \/>\n\t<meta property=\"og:image:width\" content=\"600\" \/>\n\t<meta property=\"og:image:height\" content=\"375\" \/>\n\t<meta property=\"og:image:type\" content=\"image\/jpeg\" \/>\n<script type=\"application\/ld+json\" class=\"yoast-schema-graph\">{\"@context\":\"https:\\\/\\\/schema.org\",\"@graph\":[{\"@type\":\"WebPage\",\"@id\":\"https:\\\/\\\/ivicom-consulting.com\\\/web\\\/projekti\\\/cementna-industrija\\\/cemex-otprasivanje-hladnjaka-klinkera-u-tvornici-cementa-sv-juraj\\\/\",\"url\":\"https:\\\/\\\/ivicom-consulting.com\\\/web\\\/projekti\\\/cementna-industrija\\\/cemex-otprasivanje-hladnjaka-klinkera-u-tvornici-cementa-sv-juraj\\\/\",\"name\":\"CEMEX otpra\u0161ivanje hladnjaka klinkera u tvornici cementa Sv. Juraj - Ivicom Consulting\",\"isPartOf\":{\"@id\":\"https:\\\/\\\/ivicom-consulting.com\\\/web\\\/#website\"},\"primaryImageOfPage\":{\"@id\":\"https:\\\/\\\/ivicom-consulting.com\\\/web\\\/projekti\\\/cementna-industrija\\\/cemex-otprasivanje-hladnjaka-klinkera-u-tvornici-cementa-sv-juraj\\\/#primaryimage\"},\"image\":{\"@id\":\"https:\\\/\\\/ivicom-consulting.com\\\/web\\\/projekti\\\/cementna-industrija\\\/cemex-otprasivanje-hladnjaka-klinkera-u-tvornici-cementa-sv-juraj\\\/#primaryimage\"},\"thumbnailUrl\":\"https:\\\/\\\/ivicom-consulting.com\\\/web\\\/wp-content\\\/uploads\\\/2014\\\/11\\\/1_Otprasivanje-hladnjaka-klinkera-u-tvornici-cementa-Sv.-Juraj.jpg\",\"datePublished\":\"2014-11-06T12:55:17+00:00\",\"breadcrumb\":{\"@id\":\"https:\\\/\\\/ivicom-consulting.com\\\/web\\\/projekti\\\/cementna-industrija\\\/cemex-otprasivanje-hladnjaka-klinkera-u-tvornici-cementa-sv-juraj\\\/#breadcrumb\"},\"inLanguage\":\"hr\",\"potentialAction\":[{\"@type\":\"ReadAction\",\"target\":[\"https:\\\/\\\/ivicom-consulting.com\\\/web\\\/projekti\\\/cementna-industrija\\\/cemex-otprasivanje-hladnjaka-klinkera-u-tvornici-cementa-sv-juraj\\\/\"]}]},{\"@type\":\"ImageObject\",\"inLanguage\":\"hr\",\"@id\":\"https:\\\/\\\/ivicom-consulting.com\\\/web\\\/projekti\\\/cementna-industrija\\\/cemex-otprasivanje-hladnjaka-klinkera-u-tvornici-cementa-sv-juraj\\\/#primaryimage\",\"url\":\"https:\\\/\\\/ivicom-consulting.com\\\/web\\\/wp-content\\\/uploads\\\/2014\\\/11\\\/1_Otprasivanje-hladnjaka-klinkera-u-tvornici-cementa-Sv.-Juraj.jpg\",\"contentUrl\":\"https:\\\/\\\/ivicom-consulting.com\\\/web\\\/wp-content\\\/uploads\\\/2014\\\/11\\\/1_Otprasivanje-hladnjaka-klinkera-u-tvornici-cementa-Sv.-Juraj.jpg\",\"width\":600,\"height\":375},{\"@type\":\"BreadcrumbList\",\"@id\":\"https:\\\/\\\/ivicom-consulting.com\\\/web\\\/projekti\\\/cementna-industrija\\\/cemex-otprasivanje-hladnjaka-klinkera-u-tvornici-cementa-sv-juraj\\\/#breadcrumb\",\"itemListElement\":[{\"@type\":\"ListItem\",\"position\":1,\"name\":\"Home\",\"item\":\"https:\\\/\\\/ivicom-consulting.com\\\/web\\\/language\\\/hr\\\/\"},{\"@type\":\"ListItem\",\"position\":2,\"name\":\"Projekti\",\"item\":\"https:\\\/\\\/ivicom-consulting.com\\\/web\\\/projekti\\\/\"},{\"@type\":\"ListItem\",\"position\":3,\"name\":\"Cementna industrija\",\"item\":\"https:\\\/\\\/ivicom-consulting.com\\\/web\\\/projekti\\\/cementna-industrija\\\/\"},{\"@type\":\"ListItem\",\"position\":4,\"name\":\"CEMEX otpra\u0161ivanje hladnjaka klinkera u tvornici cementa Sv. Juraj\"}]},{\"@type\":\"WebSite\",\"@id\":\"https:\\\/\\\/ivicom-consulting.com\\\/web\\\/#website\",\"url\":\"https:\\\/\\\/ivicom-consulting.com\\\/web\\\/\",\"name\":\"Ivicom Consulting\",\"description\":\"Ivicom Consulting\",\"potentialAction\":[{\"@type\":\"SearchAction\",\"target\":{\"@type\":\"EntryPoint\",\"urlTemplate\":\"https:\\\/\\\/ivicom-consulting.com\\\/web\\\/?s={search_term_string}\"},\"query-input\":{\"@type\":\"PropertyValueSpecification\",\"valueRequired\":true,\"valueName\":\"search_term_string\"}}],\"inLanguage\":\"hr\"}]}<\/script>\n<!-- \/ Yoast SEO plugin. -->","yoast_head_json":{"title":"CEMEX otpra\u0161ivanje hladnjaka klinkera u tvornici cementa Sv. Juraj - Ivicom Consulting","robots":{"index":"index","follow":"follow","max-snippet":"max-snippet:-1","max-image-preview":"max-image-preview:large","max-video-preview":"max-video-preview:-1"},"canonical":"https:\/\/ivicom-consulting.com\/web\/projekti\/cementna-industrija\/cemex-otprasivanje-hladnjaka-klinkera-u-tvornici-cementa-sv-juraj\/","og_locale":"hr_HR","og_type":"article","og_title":"CEMEX otpra\u0161ivanje hladnjaka klinkera u tvornici cementa Sv. Juraj - Ivicom Consulting","og_description":"Isho\u0111ena uporabna dozvola, postrojenje u pogonu","og_url":"https:\/\/ivicom-consulting.com\/web\/projekti\/cementna-industrija\/cemex-otprasivanje-hladnjaka-klinkera-u-tvornici-cementa-sv-juraj\/","og_site_name":"Ivicom Consulting","og_image":[{"width":600,"height":375,"url":"https:\/\/ivicom-consulting.com\/web\/wp-content\/uploads\/2014\/11\/1_Otprasivanje-hladnjaka-klinkera-u-tvornici-cementa-Sv.-Juraj.jpg","type":"image\/jpeg"}],"schema":{"@context":"https:\/\/schema.org","@graph":[{"@type":"WebPage","@id":"https:\/\/ivicom-consulting.com\/web\/projekti\/cementna-industrija\/cemex-otprasivanje-hladnjaka-klinkera-u-tvornici-cementa-sv-juraj\/","url":"https:\/\/ivicom-consulting.com\/web\/projekti\/cementna-industrija\/cemex-otprasivanje-hladnjaka-klinkera-u-tvornici-cementa-sv-juraj\/","name":"CEMEX otpra\u0161ivanje hladnjaka klinkera u tvornici cementa Sv. Juraj - Ivicom Consulting","isPartOf":{"@id":"https:\/\/ivicom-consulting.com\/web\/#website"},"primaryImageOfPage":{"@id":"https:\/\/ivicom-consulting.com\/web\/projekti\/cementna-industrija\/cemex-otprasivanje-hladnjaka-klinkera-u-tvornici-cementa-sv-juraj\/#primaryimage"},"image":{"@id":"https:\/\/ivicom-consulting.com\/web\/projekti\/cementna-industrija\/cemex-otprasivanje-hladnjaka-klinkera-u-tvornici-cementa-sv-juraj\/#primaryimage"},"thumbnailUrl":"https:\/\/ivicom-consulting.com\/web\/wp-content\/uploads\/2014\/11\/1_Otprasivanje-hladnjaka-klinkera-u-tvornici-cementa-Sv.-Juraj.jpg","datePublished":"2014-11-06T12:55:17+00:00","breadcrumb":{"@id":"https:\/\/ivicom-consulting.com\/web\/projekti\/cementna-industrija\/cemex-otprasivanje-hladnjaka-klinkera-u-tvornici-cementa-sv-juraj\/#breadcrumb"},"inLanguage":"hr","potentialAction":[{"@type":"ReadAction","target":["https:\/\/ivicom-consulting.com\/web\/projekti\/cementna-industrija\/cemex-otprasivanje-hladnjaka-klinkera-u-tvornici-cementa-sv-juraj\/"]}]},{"@type":"ImageObject","inLanguage":"hr","@id":"https:\/\/ivicom-consulting.com\/web\/projekti\/cementna-industrija\/cemex-otprasivanje-hladnjaka-klinkera-u-tvornici-cementa-sv-juraj\/#primaryimage","url":"https:\/\/ivicom-consulting.com\/web\/wp-content\/uploads\/2014\/11\/1_Otprasivanje-hladnjaka-klinkera-u-tvornici-cementa-Sv.-Juraj.jpg","contentUrl":"https:\/\/ivicom-consulting.com\/web\/wp-content\/uploads\/2014\/11\/1_Otprasivanje-hladnjaka-klinkera-u-tvornici-cementa-Sv.-Juraj.jpg","width":600,"height":375},{"@type":"BreadcrumbList","@id":"https:\/\/ivicom-consulting.com\/web\/projekti\/cementna-industrija\/cemex-otprasivanje-hladnjaka-klinkera-u-tvornici-cementa-sv-juraj\/#breadcrumb","itemListElement":[{"@type":"ListItem","position":1,"name":"Home","item":"https:\/\/ivicom-consulting.com\/web\/language\/hr\/"},{"@type":"ListItem","position":2,"name":"Projekti","item":"https:\/\/ivicom-consulting.com\/web\/projekti\/"},{"@type":"ListItem","position":3,"name":"Cementna industrija","item":"https:\/\/ivicom-consulting.com\/web\/projekti\/cementna-industrija\/"},{"@type":"ListItem","position":4,"name":"CEMEX otpra\u0161ivanje hladnjaka klinkera u tvornici cementa Sv. Juraj"}]},{"@type":"WebSite","@id":"https:\/\/ivicom-consulting.com\/web\/#website","url":"https:\/\/ivicom-consulting.com\/web\/","name":"Ivicom Consulting","description":"Ivicom Consulting","potentialAction":[{"@type":"SearchAction","target":{"@type":"EntryPoint","urlTemplate":"https:\/\/ivicom-consulting.com\/web\/?s={search_term_string}"},"query-input":{"@type":"PropertyValueSpecification","valueRequired":true,"valueName":"search_term_string"}}],"inLanguage":"hr"}]}},"_links":{"self":[{"href":"https:\/\/ivicom-consulting.com\/web\/wp-json\/wp\/v2\/pages\/287","targetHints":{"allow":["GET"]}}],"collection":[{"href":"https:\/\/ivicom-consulting.com\/web\/wp-json\/wp\/v2\/pages"}],"about":[{"href":"https:\/\/ivicom-consulting.com\/web\/wp-json\/wp\/v2\/types\/page"}],"author":[{"embeddable":true,"href":"https:\/\/ivicom-consulting.com\/web\/wp-json\/wp\/v2\/users\/1"}],"replies":[{"embeddable":true,"href":"https:\/\/ivicom-consulting.com\/web\/wp-json\/wp\/v2\/comments?post=287"}],"version-history":[{"count":1,"href":"https:\/\/ivicom-consulting.com\/web\/wp-json\/wp\/v2\/pages\/287\/revisions"}],"predecessor-version":[{"id":289,"href":"https:\/\/ivicom-consulting.com\/web\/wp-json\/wp\/v2\/pages\/287\/revisions\/289"}],"up":[{"embeddable":true,"href":"https:\/\/ivicom-consulting.com\/web\/wp-json\/wp\/v2\/pages\/35"}],"wp:featuredmedia":[{"embeddable":true,"href":"https:\/\/ivicom-consulting.com\/web\/wp-json\/wp\/v2\/media\/288"}],"wp:attachment":[{"href":"https:\/\/ivicom-consulting.com\/web\/wp-json\/wp\/v2\/media?parent=287"}],"curies":[{"name":"wp","href":"https:\/\/api.w.org\/{rel}","templated":true}]}}