{"id":27,"date":"2014-10-29T11:03:35","date_gmt":"2014-10-29T11:03:35","guid":{"rendered":"http:\/\/ivicom-consulting.com\/web\/?page_id=27"},"modified":"2015-06-10T11:06:12","modified_gmt":"2015-06-10T11:06:12","slug":"vodenje-projekata","status":"publish","type":"page","link":"https:\/\/ivicom-consulting.com\/web\/usluge\/vodenje-projekata\/","title":{"rendered":"Vo\u0111enje projekata"},"content":{"rendered":"<p><img loading=\"lazy\" decoding=\"async\" class=\"alignnone size-full wp-image-541\" src=\"http:\/\/ivicom-consulting.com\/web\/wp-content\/uploads\/2014\/10\/hr_usluge5.jpg\" alt=\"hr_usluge5\" width=\"669\" height=\"75\" srcset=\"https:\/\/ivicom-consulting.com\/web\/wp-content\/uploads\/2014\/10\/hr_usluge5.jpg 669w, https:\/\/ivicom-consulting.com\/web\/wp-content\/uploads\/2014\/10\/hr_usluge5-300x33.jpg 300w, https:\/\/ivicom-consulting.com\/web\/wp-content\/uploads\/2014\/10\/hr_usluge5-24x2.jpg 24w, https:\/\/ivicom-consulting.com\/web\/wp-content\/uploads\/2014\/10\/hr_usluge5-36x4.jpg 36w, https:\/\/ivicom-consulting.com\/web\/wp-content\/uploads\/2014\/10\/hr_usluge5-48x5.jpg 48w\" sizes=\"auto, (max-width: 669px) 100vw, 669px\" \/><\/p>\n<p>IVICOM nudi fleksibilan i integralan tim za upravljanje projektom, koji ima stru\u010dna iskustva u\u00a0upravljanju projektom tijekom svih faza projekta te brojnim izazovima koje ono nosi. IVICOM osigurava da su svi sudionici projekta uskla\u0111eni u cilju zadovoljenja definiranih in\u017eenjerskih specifikacija, standarda i radnih postupaka uspostavljenih za projekt.<\/p>\n<p>IVICOM-ov ekspertni tim tako\u0111er pru\u017ea a\u017eurno i to\u010dno izvje\u0161tavanje o aktivnostima potrebnim za upravljanje, usmjeravanje i kontrolu projekta.Voditelj projekta ili in\u017eenjer predstavlja vezu izme\u0111u klijenta i na\u0161eg projektnog tima. IVICOM je sposoban pru\u017eiti stru\u010dni tim in\u017eenjera te posjeduje mre\u017eu partnera, na nacionalnoj i me\u0111unarodnoj razini.<\/p>\n<ul>\n<li><strong>Upravljanje projektima<\/strong><\/li>\n<li><strong>Kontrola tro\u0161kova<\/strong><\/li>\n<li><strong>Izvje\u0161taji<\/strong><\/li>\n<li><strong>Koodinacija<\/strong><\/li>\n<\/ul>\n","protected":false},"excerpt":{"rendered":"<p>IVICOM nudi fleksibilan i integralan tim za upravljanje projektom, koji ima stru\u010dna iskustva u\u00a0upravljanju projektom tijekom svih faza projekta te brojnim izazovima koje ono nosi. IVICOM osigurava da su svi sudionici projekta uskla\u0111eni u cilju zadovoljenja definiranih in\u017eenjerskih specifikacija, standarda i radnih postupaka uspostavljenih za projekt. IVICOM-ov ekspertni tim tako\u0111er pru\u017ea a\u017eurno i to\u010dno izvje\u0161tavanje [&hellip;]<\/p>\n","protected":false},"author":1,"featured_media":0,"parent":17,"menu_order":0,"comment_status":"closed","ping_status":"closed","template":"","meta":{"footnotes":""},"class_list":["post-27","page","type-page","status-publish","hentry"],"yoast_head":"<!-- This site is optimized with the Yoast SEO plugin v27.5 - https:\/\/yoast.com\/product\/yoast-seo-wordpress\/ -->\n<title>Vo\u0111enje projekata - Ivicom Consulting<\/title>\n<meta name=\"robots\" content=\"index, follow, max-snippet:-1, max-image-preview:large, max-video-preview:-1\" \/>\n<link rel=\"canonical\" href=\"https:\/\/ivicom-consulting.com\/web\/usluge\/vodenje-projekata\/\" \/>\n<meta property=\"og:locale\" content=\"hr_HR\" \/>\n<meta property=\"og:type\" content=\"article\" \/>\n<meta property=\"og:title\" content=\"Vo\u0111enje projekata - Ivicom Consulting\" \/>\n<meta property=\"og:description\" content=\"IVICOM nudi fleksibilan i integralan tim za upravljanje projektom, koji ima stru\u010dna iskustva u\u00a0upravljanju projektom tijekom svih faza projekta te brojnim izazovima koje ono nosi. IVICOM osigurava da su svi sudionici projekta uskla\u0111eni u cilju zadovoljenja definiranih in\u017eenjerskih specifikacija, standarda i radnih postupaka uspostavljenih za projekt. IVICOM-ov ekspertni tim tako\u0111er pru\u017ea a\u017eurno i to\u010dno izvje\u0161tavanje [&hellip;]\" \/>\n<meta property=\"og:url\" content=\"https:\/\/ivicom-consulting.com\/web\/usluge\/vodenje-projekata\/\" \/>\n<meta property=\"og:site_name\" content=\"Ivicom Consulting\" \/>\n<meta property=\"article:modified_time\" content=\"2015-06-10T11:06:12+00:00\" \/>\n<meta property=\"og:image\" content=\"http:\/\/ivicom-consulting.com\/web\/wp-content\/uploads\/2014\/10\/hr_usluge5.jpg\" \/>\n<meta name=\"twitter:label1\" content=\"Procijenjeno vrijeme \u010ditanja\" \/>\n\t<meta name=\"twitter:data1\" content=\"1 minuta\" \/>\n<script type=\"application\/ld+json\" class=\"yoast-schema-graph\">{\"@context\":\"https:\\\/\\\/schema.org\",\"@graph\":[{\"@type\":\"WebPage\",\"@id\":\"https:\\\/\\\/ivicom-consulting.com\\\/web\\\/usluge\\\/vodenje-projekata\\\/\",\"url\":\"https:\\\/\\\/ivicom-consulting.com\\\/web\\\/usluge\\\/vodenje-projekata\\\/\",\"name\":\"Vo\u0111enje projekata - Ivicom Consulting\",\"isPartOf\":{\"@id\":\"https:\\\/\\\/ivicom-consulting.com\\\/web\\\/#website\"},\"primaryImageOfPage\":{\"@id\":\"https:\\\/\\\/ivicom-consulting.com\\\/web\\\/usluge\\\/vodenje-projekata\\\/#primaryimage\"},\"image\":{\"@id\":\"https:\\\/\\\/ivicom-consulting.com\\\/web\\\/usluge\\\/vodenje-projekata\\\/#primaryimage\"},\"thumbnailUrl\":\"http:\\\/\\\/ivicom-consulting.com\\\/web\\\/wp-content\\\/uploads\\\/2014\\\/10\\\/hr_usluge5.jpg\",\"datePublished\":\"2014-10-29T11:03:35+00:00\",\"dateModified\":\"2015-06-10T11:06:12+00:00\",\"breadcrumb\":{\"@id\":\"https:\\\/\\\/ivicom-consulting.com\\\/web\\\/usluge\\\/vodenje-projekata\\\/#breadcrumb\"},\"inLanguage\":\"hr\",\"potentialAction\":[{\"@type\":\"ReadAction\",\"target\":[\"https:\\\/\\\/ivicom-consulting.com\\\/web\\\/usluge\\\/vodenje-projekata\\\/\"]}]},{\"@type\":\"ImageObject\",\"inLanguage\":\"hr\",\"@id\":\"https:\\\/\\\/ivicom-consulting.com\\\/web\\\/usluge\\\/vodenje-projekata\\\/#primaryimage\",\"url\":\"http:\\\/\\\/ivicom-consulting.com\\\/web\\\/wp-content\\\/uploads\\\/2014\\\/10\\\/hr_usluge5.jpg\",\"contentUrl\":\"http:\\\/\\\/ivicom-consulting.com\\\/web\\\/wp-content\\\/uploads\\\/2014\\\/10\\\/hr_usluge5.jpg\"},{\"@type\":\"BreadcrumbList\",\"@id\":\"https:\\\/\\\/ivicom-consulting.com\\\/web\\\/usluge\\\/vodenje-projekata\\\/#breadcrumb\",\"itemListElement\":[{\"@type\":\"ListItem\",\"position\":1,\"name\":\"Home\",\"item\":\"https:\\\/\\\/ivicom-consulting.com\\\/web\\\/language\\\/hr\\\/\"},{\"@type\":\"ListItem\",\"position\":2,\"name\":\"Usluge\",\"item\":\"https:\\\/\\\/ivicom-consulting.com\\\/web\\\/usluge\\\/\"},{\"@type\":\"ListItem\",\"position\":3,\"name\":\"Vo\u0111enje projekata\"}]},{\"@type\":\"WebSite\",\"@id\":\"https:\\\/\\\/ivicom-consulting.com\\\/web\\\/#website\",\"url\":\"https:\\\/\\\/ivicom-consulting.com\\\/web\\\/\",\"name\":\"Ivicom Consulting\",\"description\":\"Ivicom Consulting\",\"potentialAction\":[{\"@type\":\"SearchAction\",\"target\":{\"@type\":\"EntryPoint\",\"urlTemplate\":\"https:\\\/\\\/ivicom-consulting.com\\\/web\\\/?s={search_term_string}\"},\"query-input\":{\"@type\":\"PropertyValueSpecification\",\"valueRequired\":true,\"valueName\":\"search_term_string\"}}],\"inLanguage\":\"hr\"}]}<\/script>\n<!-- \/ Yoast SEO plugin. -->","yoast_head_json":{"title":"Vo\u0111enje projekata - Ivicom Consulting","robots":{"index":"index","follow":"follow","max-snippet":"max-snippet:-1","max-image-preview":"max-image-preview:large","max-video-preview":"max-video-preview:-1"},"canonical":"https:\/\/ivicom-consulting.com\/web\/usluge\/vodenje-projekata\/","og_locale":"hr_HR","og_type":"article","og_title":"Vo\u0111enje projekata - Ivicom Consulting","og_description":"IVICOM nudi fleksibilan i integralan tim za upravljanje projektom, koji ima stru\u010dna iskustva u\u00a0upravljanju projektom tijekom svih faza projekta te brojnim izazovima koje ono nosi. IVICOM osigurava da su svi sudionici projekta uskla\u0111eni u cilju zadovoljenja definiranih in\u017eenjerskih specifikacija, standarda i radnih postupaka uspostavljenih za projekt. IVICOM-ov ekspertni tim tako\u0111er pru\u017ea a\u017eurno i to\u010dno izvje\u0161tavanje [&hellip;]","og_url":"https:\/\/ivicom-consulting.com\/web\/usluge\/vodenje-projekata\/","og_site_name":"Ivicom Consulting","article_modified_time":"2015-06-10T11:06:12+00:00","og_image":[{"url":"http:\/\/ivicom-consulting.com\/web\/wp-content\/uploads\/2014\/10\/hr_usluge5.jpg","type":"","width":"","height":""}],"twitter_misc":{"Procijenjeno vrijeme \u010ditanja":"1 minuta"},"schema":{"@context":"https:\/\/schema.org","@graph":[{"@type":"WebPage","@id":"https:\/\/ivicom-consulting.com\/web\/usluge\/vodenje-projekata\/","url":"https:\/\/ivicom-consulting.com\/web\/usluge\/vodenje-projekata\/","name":"Vo\u0111enje projekata - Ivicom Consulting","isPartOf":{"@id":"https:\/\/ivicom-consulting.com\/web\/#website"},"primaryImageOfPage":{"@id":"https:\/\/ivicom-consulting.com\/web\/usluge\/vodenje-projekata\/#primaryimage"},"image":{"@id":"https:\/\/ivicom-consulting.com\/web\/usluge\/vodenje-projekata\/#primaryimage"},"thumbnailUrl":"http:\/\/ivicom-consulting.com\/web\/wp-content\/uploads\/2014\/10\/hr_usluge5.jpg","datePublished":"2014-10-29T11:03:35+00:00","dateModified":"2015-06-10T11:06:12+00:00","breadcrumb":{"@id":"https:\/\/ivicom-consulting.com\/web\/usluge\/vodenje-projekata\/#breadcrumb"},"inLanguage":"hr","potentialAction":[{"@type":"ReadAction","target":["https:\/\/ivicom-consulting.com\/web\/usluge\/vodenje-projekata\/"]}]},{"@type":"ImageObject","inLanguage":"hr","@id":"https:\/\/ivicom-consulting.com\/web\/usluge\/vodenje-projekata\/#primaryimage","url":"http:\/\/ivicom-consulting.com\/web\/wp-content\/uploads\/2014\/10\/hr_usluge5.jpg","contentUrl":"http:\/\/ivicom-consulting.com\/web\/wp-content\/uploads\/2014\/10\/hr_usluge5.jpg"},{"@type":"BreadcrumbList","@id":"https:\/\/ivicom-consulting.com\/web\/usluge\/vodenje-projekata\/#breadcrumb","itemListElement":[{"@type":"ListItem","position":1,"name":"Home","item":"https:\/\/ivicom-consulting.com\/web\/language\/hr\/"},{"@type":"ListItem","position":2,"name":"Usluge","item":"https:\/\/ivicom-consulting.com\/web\/usluge\/"},{"@type":"ListItem","position":3,"name":"Vo\u0111enje projekata"}]},{"@type":"WebSite","@id":"https:\/\/ivicom-consulting.com\/web\/#website","url":"https:\/\/ivicom-consulting.com\/web\/","name":"Ivicom Consulting","description":"Ivicom Consulting","potentialAction":[{"@type":"SearchAction","target":{"@type":"EntryPoint","urlTemplate":"https:\/\/ivicom-consulting.com\/web\/?s={search_term_string}"},"query-input":{"@type":"PropertyValueSpecification","valueRequired":true,"valueName":"search_term_string"}}],"inLanguage":"hr"}]}},"_links":{"self":[{"href":"https:\/\/ivicom-consulting.com\/web\/wp-json\/wp\/v2\/pages\/27","targetHints":{"allow":["GET"]}}],"collection":[{"href":"https:\/\/ivicom-consulting.com\/web\/wp-json\/wp\/v2\/pages"}],"about":[{"href":"https:\/\/ivicom-consulting.com\/web\/wp-json\/wp\/v2\/types\/page"}],"author":[{"embeddable":true,"href":"https:\/\/ivicom-consulting.com\/web\/wp-json\/wp\/v2\/users\/1"}],"replies":[{"embeddable":true,"href":"https:\/\/ivicom-consulting.com\/web\/wp-json\/wp\/v2\/comments?post=27"}],"version-history":[{"count":6,"href":"https:\/\/ivicom-consulting.com\/web\/wp-json\/wp\/v2\/pages\/27\/revisions"}],"predecessor-version":[{"id":694,"href":"https:\/\/ivicom-consulting.com\/web\/wp-json\/wp\/v2\/pages\/27\/revisions\/694"}],"up":[{"embeddable":true,"href":"https:\/\/ivicom-consulting.com\/web\/wp-json\/wp\/v2\/pages\/17"}],"wp:attachment":[{"href":"https:\/\/ivicom-consulting.com\/web\/wp-json\/wp\/v2\/media?parent=27"}],"curies":[{"name":"wp","href":"https:\/\/api.w.org\/{rel}","templated":true}]}}