{"id":19,"date":"2014-10-29T10:51:40","date_gmt":"2014-10-29T10:51:40","guid":{"rendered":"http:\/\/ivicom-consulting.com\/web\/?page_id=19"},"modified":"2015-06-10T10:45:40","modified_gmt":"2015-06-10T10:45:40","slug":"projektiranje-s-ishodenjem-dozvola","status":"publish","type":"page","link":"https:\/\/ivicom-consulting.com\/web\/usluge\/projektiranje-s-ishodenjem-dozvola\/","title":{"rendered":"Projektiranje s isho\u0111enjem dozvola"},"content":{"rendered":"<p><img loading=\"lazy\" decoding=\"async\" class=\"alignnone size-full wp-image-537\" src=\"http:\/\/ivicom-consulting.com\/web\/wp-content\/uploads\/2014\/10\/hr_usluge1.jpg\" alt=\"hr_usluge1\" width=\"669\" height=\"75\" srcset=\"https:\/\/ivicom-consulting.com\/web\/wp-content\/uploads\/2014\/10\/hr_usluge1.jpg 669w, https:\/\/ivicom-consulting.com\/web\/wp-content\/uploads\/2014\/10\/hr_usluge1-300x33.jpg 300w, https:\/\/ivicom-consulting.com\/web\/wp-content\/uploads\/2014\/10\/hr_usluge1-24x2.jpg 24w, https:\/\/ivicom-consulting.com\/web\/wp-content\/uploads\/2014\/10\/hr_usluge1-36x4.jpg 36w, https:\/\/ivicom-consulting.com\/web\/wp-content\/uploads\/2014\/10\/hr_usluge1-48x5.jpg 48w\" sizes=\"auto, (max-width: 669px) 100vw, 669px\" \/><\/p>\n<p>Na putu od ideje do realizacije, isho\u0111enje dopu\u0161tenja\/dozvola za gradnju postaje sve va\u017enije u provedbi projekta.<br \/>\nIVICOM je anga\u017eiran u brojnim uslugama projektiranja i vo\u0111enja gra\u0111enja. \u0160irok obuhvat znanja i stru\u010dnih kvalifikacija\/ovla\u0161tenja omogu\u0107uju nam obavljanje tih aspekata projekta.<\/p>\n<p>Ovisno o zemlji u kojoj se projekt razvija, razlikuju se zakonski uvjeti koji uklju\u010duju aktivnosti isho\u0111enja dozvola i raznih dopu\u0161tenja za provedbu projekta.<\/p>\n<p>Na temelju iskustva, IVICOM pru\u017ea sljede\u0107e in\u017eenjering usluge:<\/p>\n<ul>\n<li><strong>Priprema Elaborata ZNR<\/strong><\/li>\n<li><strong>Predidejna rje\u0161enja i priprema projekta<\/strong><\/li>\n<li><strong>Izrada projektne dokumentacije za isho\u0111enje dozvola<\/strong><\/li>\n<li><strong>Podr\u0161ka pri provo\u0111enju upravnog postupka isho\u0111enja dozvola<\/strong><\/li>\n<li><strong>Izrada procjene rizika<\/strong><\/li>\n<\/ul>\n","protected":false},"excerpt":{"rendered":"<p>Na putu od ideje do realizacije, isho\u0111enje dopu\u0161tenja\/dozvola za gradnju postaje sve va\u017enije u provedbi projekta. IVICOM je anga\u017eiran u brojnim uslugama projektiranja i vo\u0111enja gra\u0111enja. \u0160irok obuhvat znanja i stru\u010dnih kvalifikacija\/ovla\u0161tenja omogu\u0107uju nam obavljanje tih aspekata projekta. Ovisno o zemlji u kojoj se projekt razvija, razlikuju se zakonski uvjeti koji uklju\u010duju aktivnosti isho\u0111enja dozvola [&hellip;]<\/p>\n","protected":false},"author":1,"featured_media":0,"parent":17,"menu_order":0,"comment_status":"closed","ping_status":"closed","template":"","meta":{"footnotes":""},"class_list":["post-19","page","type-page","status-publish","hentry"],"yoast_head":"<!-- This site is optimized with the Yoast SEO plugin v27.5 - https:\/\/yoast.com\/product\/yoast-seo-wordpress\/ -->\n<title>Projektiranje s isho\u0111enjem dozvola - Ivicom Consulting<\/title>\n<meta name=\"robots\" content=\"index, follow, max-snippet:-1, max-image-preview:large, max-video-preview:-1\" \/>\n<link rel=\"canonical\" href=\"https:\/\/ivicom-consulting.com\/web\/usluge\/projektiranje-s-ishodenjem-dozvola\/\" \/>\n<meta property=\"og:locale\" content=\"hr_HR\" \/>\n<meta property=\"og:type\" content=\"article\" \/>\n<meta property=\"og:title\" content=\"Projektiranje s isho\u0111enjem dozvola - Ivicom Consulting\" \/>\n<meta property=\"og:description\" content=\"Na putu od ideje do realizacije, isho\u0111enje dopu\u0161tenja\/dozvola za gradnju postaje sve va\u017enije u provedbi projekta. IVICOM je anga\u017eiran u brojnim uslugama projektiranja i vo\u0111enja gra\u0111enja. \u0160irok obuhvat znanja i stru\u010dnih kvalifikacija\/ovla\u0161tenja omogu\u0107uju nam obavljanje tih aspekata projekta. Ovisno o zemlji u kojoj se projekt razvija, razlikuju se zakonski uvjeti koji uklju\u010duju aktivnosti isho\u0111enja dozvola [&hellip;]\" \/>\n<meta property=\"og:url\" content=\"https:\/\/ivicom-consulting.com\/web\/usluge\/projektiranje-s-ishodenjem-dozvola\/\" \/>\n<meta property=\"og:site_name\" content=\"Ivicom Consulting\" \/>\n<meta property=\"article:modified_time\" content=\"2015-06-10T10:45:40+00:00\" \/>\n<meta property=\"og:image\" content=\"http:\/\/ivicom-consulting.com\/web\/wp-content\/uploads\/2014\/10\/hr_usluge1.jpg\" \/>\n<meta name=\"twitter:label1\" content=\"Procijenjeno vrijeme \u010ditanja\" \/>\n\t<meta name=\"twitter:data1\" content=\"1 minuta\" \/>\n<script type=\"application\/ld+json\" class=\"yoast-schema-graph\">{\"@context\":\"https:\\\/\\\/schema.org\",\"@graph\":[{\"@type\":\"WebPage\",\"@id\":\"https:\\\/\\\/ivicom-consulting.com\\\/web\\\/usluge\\\/projektiranje-s-ishodenjem-dozvola\\\/\",\"url\":\"https:\\\/\\\/ivicom-consulting.com\\\/web\\\/usluge\\\/projektiranje-s-ishodenjem-dozvola\\\/\",\"name\":\"Projektiranje s isho\u0111enjem dozvola - Ivicom Consulting\",\"isPartOf\":{\"@id\":\"https:\\\/\\\/ivicom-consulting.com\\\/web\\\/#website\"},\"primaryImageOfPage\":{\"@id\":\"https:\\\/\\\/ivicom-consulting.com\\\/web\\\/usluge\\\/projektiranje-s-ishodenjem-dozvola\\\/#primaryimage\"},\"image\":{\"@id\":\"https:\\\/\\\/ivicom-consulting.com\\\/web\\\/usluge\\\/projektiranje-s-ishodenjem-dozvola\\\/#primaryimage\"},\"thumbnailUrl\":\"http:\\\/\\\/ivicom-consulting.com\\\/web\\\/wp-content\\\/uploads\\\/2014\\\/10\\\/hr_usluge1.jpg\",\"datePublished\":\"2014-10-29T10:51:40+00:00\",\"dateModified\":\"2015-06-10T10:45:40+00:00\",\"breadcrumb\":{\"@id\":\"https:\\\/\\\/ivicom-consulting.com\\\/web\\\/usluge\\\/projektiranje-s-ishodenjem-dozvola\\\/#breadcrumb\"},\"inLanguage\":\"hr\",\"potentialAction\":[{\"@type\":\"ReadAction\",\"target\":[\"https:\\\/\\\/ivicom-consulting.com\\\/web\\\/usluge\\\/projektiranje-s-ishodenjem-dozvola\\\/\"]}]},{\"@type\":\"ImageObject\",\"inLanguage\":\"hr\",\"@id\":\"https:\\\/\\\/ivicom-consulting.com\\\/web\\\/usluge\\\/projektiranje-s-ishodenjem-dozvola\\\/#primaryimage\",\"url\":\"http:\\\/\\\/ivicom-consulting.com\\\/web\\\/wp-content\\\/uploads\\\/2014\\\/10\\\/hr_usluge1.jpg\",\"contentUrl\":\"http:\\\/\\\/ivicom-consulting.com\\\/web\\\/wp-content\\\/uploads\\\/2014\\\/10\\\/hr_usluge1.jpg\"},{\"@type\":\"BreadcrumbList\",\"@id\":\"https:\\\/\\\/ivicom-consulting.com\\\/web\\\/usluge\\\/projektiranje-s-ishodenjem-dozvola\\\/#breadcrumb\",\"itemListElement\":[{\"@type\":\"ListItem\",\"position\":1,\"name\":\"Home\",\"item\":\"https:\\\/\\\/ivicom-consulting.com\\\/web\\\/language\\\/hr\\\/\"},{\"@type\":\"ListItem\",\"position\":2,\"name\":\"Usluge\",\"item\":\"https:\\\/\\\/ivicom-consulting.com\\\/web\\\/usluge\\\/\"},{\"@type\":\"ListItem\",\"position\":3,\"name\":\"Projektiranje s isho\u0111enjem dozvola\"}]},{\"@type\":\"WebSite\",\"@id\":\"https:\\\/\\\/ivicom-consulting.com\\\/web\\\/#website\",\"url\":\"https:\\\/\\\/ivicom-consulting.com\\\/web\\\/\",\"name\":\"Ivicom Consulting\",\"description\":\"Ivicom Consulting\",\"potentialAction\":[{\"@type\":\"SearchAction\",\"target\":{\"@type\":\"EntryPoint\",\"urlTemplate\":\"https:\\\/\\\/ivicom-consulting.com\\\/web\\\/?s={search_term_string}\"},\"query-input\":{\"@type\":\"PropertyValueSpecification\",\"valueRequired\":true,\"valueName\":\"search_term_string\"}}],\"inLanguage\":\"hr\"}]}<\/script>\n<!-- \/ Yoast SEO plugin. -->","yoast_head_json":{"title":"Projektiranje s isho\u0111enjem dozvola - Ivicom Consulting","robots":{"index":"index","follow":"follow","max-snippet":"max-snippet:-1","max-image-preview":"max-image-preview:large","max-video-preview":"max-video-preview:-1"},"canonical":"https:\/\/ivicom-consulting.com\/web\/usluge\/projektiranje-s-ishodenjem-dozvola\/","og_locale":"hr_HR","og_type":"article","og_title":"Projektiranje s isho\u0111enjem dozvola - Ivicom Consulting","og_description":"Na putu od ideje do realizacije, isho\u0111enje dopu\u0161tenja\/dozvola za gradnju postaje sve va\u017enije u provedbi projekta. IVICOM je anga\u017eiran u brojnim uslugama projektiranja i vo\u0111enja gra\u0111enja. \u0160irok obuhvat znanja i stru\u010dnih kvalifikacija\/ovla\u0161tenja omogu\u0107uju nam obavljanje tih aspekata projekta. Ovisno o zemlji u kojoj se projekt razvija, razlikuju se zakonski uvjeti koji uklju\u010duju aktivnosti isho\u0111enja dozvola [&hellip;]","og_url":"https:\/\/ivicom-consulting.com\/web\/usluge\/projektiranje-s-ishodenjem-dozvola\/","og_site_name":"Ivicom Consulting","article_modified_time":"2015-06-10T10:45:40+00:00","og_image":[{"url":"http:\/\/ivicom-consulting.com\/web\/wp-content\/uploads\/2014\/10\/hr_usluge1.jpg","type":"","width":"","height":""}],"twitter_misc":{"Procijenjeno vrijeme \u010ditanja":"1 minuta"},"schema":{"@context":"https:\/\/schema.org","@graph":[{"@type":"WebPage","@id":"https:\/\/ivicom-consulting.com\/web\/usluge\/projektiranje-s-ishodenjem-dozvola\/","url":"https:\/\/ivicom-consulting.com\/web\/usluge\/projektiranje-s-ishodenjem-dozvola\/","name":"Projektiranje s isho\u0111enjem dozvola - Ivicom Consulting","isPartOf":{"@id":"https:\/\/ivicom-consulting.com\/web\/#website"},"primaryImageOfPage":{"@id":"https:\/\/ivicom-consulting.com\/web\/usluge\/projektiranje-s-ishodenjem-dozvola\/#primaryimage"},"image":{"@id":"https:\/\/ivicom-consulting.com\/web\/usluge\/projektiranje-s-ishodenjem-dozvola\/#primaryimage"},"thumbnailUrl":"http:\/\/ivicom-consulting.com\/web\/wp-content\/uploads\/2014\/10\/hr_usluge1.jpg","datePublished":"2014-10-29T10:51:40+00:00","dateModified":"2015-06-10T10:45:40+00:00","breadcrumb":{"@id":"https:\/\/ivicom-consulting.com\/web\/usluge\/projektiranje-s-ishodenjem-dozvola\/#breadcrumb"},"inLanguage":"hr","potentialAction":[{"@type":"ReadAction","target":["https:\/\/ivicom-consulting.com\/web\/usluge\/projektiranje-s-ishodenjem-dozvola\/"]}]},{"@type":"ImageObject","inLanguage":"hr","@id":"https:\/\/ivicom-consulting.com\/web\/usluge\/projektiranje-s-ishodenjem-dozvola\/#primaryimage","url":"http:\/\/ivicom-consulting.com\/web\/wp-content\/uploads\/2014\/10\/hr_usluge1.jpg","contentUrl":"http:\/\/ivicom-consulting.com\/web\/wp-content\/uploads\/2014\/10\/hr_usluge1.jpg"},{"@type":"BreadcrumbList","@id":"https:\/\/ivicom-consulting.com\/web\/usluge\/projektiranje-s-ishodenjem-dozvola\/#breadcrumb","itemListElement":[{"@type":"ListItem","position":1,"name":"Home","item":"https:\/\/ivicom-consulting.com\/web\/language\/hr\/"},{"@type":"ListItem","position":2,"name":"Usluge","item":"https:\/\/ivicom-consulting.com\/web\/usluge\/"},{"@type":"ListItem","position":3,"name":"Projektiranje s isho\u0111enjem dozvola"}]},{"@type":"WebSite","@id":"https:\/\/ivicom-consulting.com\/web\/#website","url":"https:\/\/ivicom-consulting.com\/web\/","name":"Ivicom Consulting","description":"Ivicom Consulting","potentialAction":[{"@type":"SearchAction","target":{"@type":"EntryPoint","urlTemplate":"https:\/\/ivicom-consulting.com\/web\/?s={search_term_string}"},"query-input":{"@type":"PropertyValueSpecification","valueRequired":true,"valueName":"search_term_string"}}],"inLanguage":"hr"}]}},"_links":{"self":[{"href":"https:\/\/ivicom-consulting.com\/web\/wp-json\/wp\/v2\/pages\/19","targetHints":{"allow":["GET"]}}],"collection":[{"href":"https:\/\/ivicom-consulting.com\/web\/wp-json\/wp\/v2\/pages"}],"about":[{"href":"https:\/\/ivicom-consulting.com\/web\/wp-json\/wp\/v2\/types\/page"}],"author":[{"embeddable":true,"href":"https:\/\/ivicom-consulting.com\/web\/wp-json\/wp\/v2\/users\/1"}],"replies":[{"embeddable":true,"href":"https:\/\/ivicom-consulting.com\/web\/wp-json\/wp\/v2\/comments?post=19"}],"version-history":[{"count":6,"href":"https:\/\/ivicom-consulting.com\/web\/wp-json\/wp\/v2\/pages\/19\/revisions"}],"predecessor-version":[{"id":693,"href":"https:\/\/ivicom-consulting.com\/web\/wp-json\/wp\/v2\/pages\/19\/revisions\/693"}],"up":[{"embeddable":true,"href":"https:\/\/ivicom-consulting.com\/web\/wp-json\/wp\/v2\/pages\/17"}],"wp:attachment":[{"href":"https:\/\/ivicom-consulting.com\/web\/wp-json\/wp\/v2\/media?parent=19"}],"curies":[{"name":"wp","href":"https:\/\/api.w.org\/{rel}","templated":true}]}}