{"id":15,"date":"2014-10-29T10:48:07","date_gmt":"2014-10-29T10:48:07","guid":{"rendered":"http:\/\/ivicom-consulting.com\/web\/?page_id=15"},"modified":"2025-03-26T14:49:10","modified_gmt":"2025-03-26T14:49:10","slug":"karijere-i-natjecaji","status":"publish","type":"page","link":"https:\/\/ivicom-consulting.com\/web\/tvrtka\/karijere-i-natjecaji\/","title":{"rendered":"Karijere i natje\u010daji"},"content":{"rendered":"<p><img loading=\"lazy\" decoding=\"async\" class=\"alignnone size-full wp-image-517\" src=\"http:\/\/ivicom-consulting.com\/web\/wp-content\/uploads\/2014\/10\/hr_karijere.jpg\" alt=\"hr_karijere\" width=\"669\" height=\"75\" srcset=\"https:\/\/ivicom-consulting.com\/web\/wp-content\/uploads\/2014\/10\/hr_karijere.jpg 669w, https:\/\/ivicom-consulting.com\/web\/wp-content\/uploads\/2014\/10\/hr_karijere-300x33.jpg 300w, https:\/\/ivicom-consulting.com\/web\/wp-content\/uploads\/2014\/10\/hr_karijere-24x2.jpg 24w, https:\/\/ivicom-consulting.com\/web\/wp-content\/uploads\/2014\/10\/hr_karijere-36x4.jpg 36w, https:\/\/ivicom-consulting.com\/web\/wp-content\/uploads\/2014\/10\/hr_karijere-48x5.jpg 48w\" sizes=\"auto, (max-width: 669px) 100vw, 669px\" \/><\/p>\n<p>Po\u0161tovana\/Po\u0161tovani,<\/p>\n<p><strong>raduje nas \u0161to ste zainteresirani za posao u na\u0161oj tvrtci!<\/strong><\/p>\n<p>Pozivamo Vas da nam po\u0161aljete svoj \u017eivotopis i molbu na jedan od sljede\u0107ih na\u010dina:<\/p>\n<p><strong>preko na\u0161eg <a href=\"https:\/\/ivicom-consulting.com\/web\/prijava-za-posao\/\">Kontakt obrasca\u00a0<\/a>ili na e-mail: <\/strong><a href=\"mailto:ured@ivicom.hr\"><strong>ured@ivicom.hr<\/strong><\/a><\/p>\n<p>Tako\u0111er, pozivamo Vas da pratite na\u0161e objave na portalu <a href=\"https:\/\/www.moj-posao.net\/Pretraga-Poslova\/?keyword=ivicom&amp;category=&amp;area=&amp;published=&amp;job_type=&amp;professional_qualification=\">Moj posao<\/a> i <a href=\"https:\/\/www.linkedin.com\/company\/ivicom-consulting-gmbh\/\">Linkedin<\/a>.<\/p>\n<p>Va\u0161a \u0107e prijavna dokumentacija biti proslije\u0111ena odgovornim osobama u Odjelu ljudskih potencijala IVICOM Consulting d.o.o. Va\u0161e \u0107emo podatke zadr\u017eati u evidenciji godinu dana kako bismo Vas kontaktirali ukoliko se uka\u017ee slobodna pozicija koja bi odgovarala Va\u0161im kvalifikacijama i profilu. Ako se ne sla\u017eete s navedenim, molimo Vas da nas o tome svakako obavijestite. Va\u0161e \u0107emo podatke, naravno, dr\u017eati u strogoj tajnosti.<\/p>\n<h3>OTVORENE RADNE POZICIJE<\/h3>\n      <div id=\"post-grid-lazy-1185\" class=\"post-grid-lazy\"><img decoding=\"async\" alt=\"\" src=\"\" \/><\/div>\n    <script>\n      jQuery('#post-grid-lazy-1185').ready(function($) {\n        $('#post-grid-lazy-1185').fadeOut();\n        $('#post-grid-1185   ').fadeIn();\n      })\n    <\/script>\n    <style type=\"text\/css\">\n      #post-grid-1185 {\n        display: none;\n      }\n\n      .post-grid-lazy {\n        text-align: center;\n      }\n    <\/style>\n    <div data-options='{&quot;id&quot;:&quot;1185&quot;,&quot;lazy_load&quot;:&quot;yes&quot;,&quot;masonry_enable&quot;:&quot;no&quot;,&quot;view_type&quot;:&quot;grid&quot;}' id=\"post-grid-1185\" class=\"post-grid grid\">\n    \n\n\n    <div class=\"grid-items\">\n      <div class=\"item item-1202 skin flat even 0 \">\n        <div class=\"layer-wrapper layout-\">\n        <div class=\"layer-media\"><\/div>\n  <div class=\"layer-content\">\n        <div\r\n        class=\"element element_0  element-media \">\r\n            <\/div>\r\n    <div class=\"element element_1  title_link \">\r\n                    <a target=\"\"\r\n                href=\"https:\/\/ivicom-consulting.com\/web\/otvorena-radna-pozicija-vodeci-procesni-inzenjer-procesni-inzenjer-u-podrucju-nafte-i-plina-m-z-vise-izvrsitelja\/\">Otvorena radna pozicija: Vode\u0107i procesni in\u017eenjer \/ procesni in\u017eenjer u podru\u010dju nafte i plina (m\/\u017e) &#8211; vi\u0161e izvr\u0161itelja<\/a>\r\n            <\/div>\r\n    <div class=\"element element_2  excerpt \">\r\n        Opis posla i odgovornosti: Razvijanje dizajna procesa uklju\u010duju\u0107i izradu: osnovnog opisa procesa procesnih dijagrama toka toplinske i materijalne bilance mehani\u010dkih            <\/div>\r\n            <a class=\"element element_3  read_more \"\r\n            target=\"\"\r\n            href=\"https:\/\/ivicom-consulting.com\/web\/otvorena-radna-pozicija-vodeci-procesni-inzenjer-procesni-inzenjer-u-podrucju-nafte-i-plina-m-z-vise-izvrsitelja\/\"><\/a>\r\n      <\/div>\n    <\/div>\n  <\/div><div class=\"item item-1171 skin flat odd 1 \">\n        <div class=\"layer-wrapper layout-\">\n        <div class=\"layer-media\"><\/div>\n  <div class=\"layer-content\">\n        <div\r\n        class=\"element element_0  element-media \">\r\n        <a target=\"_self\" href=\"https:\/\/ivicom-consulting.com\/web\/otvorena-radna-pozicija-mag-ing-dipl-ing-gradevinarstva-projektant-konstrukcije-m-z-vise-izvrsitelja\/\"><img loading=\"lazy\" decoding=\"async\" width=\"750\" height=\"500\" src=\"https:\/\/ivicom-consulting.com\/web\/wp-content\/uploads\/2023\/02\/hiring-concept-with-pawns-1024x683.jpg\" class=\"attachment-large size-large wp-post-image\" alt=\"\" \/><\/a>    <\/div>\r\n    <div class=\"element element_1  title_link \">\r\n                    <a target=\"\"\r\n                href=\"https:\/\/ivicom-consulting.com\/web\/otvorena-radna-pozicija-mag-ing-dipl-ing-gradevinarstva-projektant-konstrukcije-m-z-vise-izvrsitelja\/\">Otvorena radna pozicija: Mag. ing. \/Dipl. ing. gra\u0111evinarstva &#8211; Projektant konstrukcije (m\/\u017e) &#8211; vi\u0161e izvr\u0161itelja<\/a>\r\n            <\/div>\r\n    <div class=\"element element_2  excerpt \">\r\n        Opis posla: Samostalna provedba konstrukcijskih prora\u010duna i izrada projektne dokumentacije \u010deli\u010dnih i betonskih konstrukcija; primjena nacionalnih i internacionalnih normi i            <\/div>\r\n            <a class=\"element element_3  read_more \"\r\n            target=\"\"\r\n            href=\"https:\/\/ivicom-consulting.com\/web\/otvorena-radna-pozicija-mag-ing-dipl-ing-gradevinarstva-projektant-konstrukcije-m-z-vise-izvrsitelja\/\"><\/a>\r\n      <\/div>\n    <\/div>\n  <\/div><div class=\"item item-1165 skin flat even 2 \">\n        <div class=\"layer-wrapper layout-\">\n        <div class=\"layer-media\"><\/div>\n  <div class=\"layer-content\">\n        <div\r\n        class=\"element element_0  element-media \">\r\n        <a target=\"_self\" href=\"https:\/\/ivicom-consulting.com\/web\/otvorena-radna-pozicija-mag-ing-dipl-ing-strojarstva-projektant-m-z-vise-izvrsitelja\/\"><img loading=\"lazy\" decoding=\"async\" width=\"750\" height=\"500\" src=\"https:\/\/ivicom-consulting.com\/web\/wp-content\/uploads\/2023\/02\/hiring-concept-with-pawns-1024x683.jpg\" class=\"attachment-large size-large wp-post-image\" alt=\"\" \/><\/a>    <\/div>\r\n    <div class=\"element element_1  title_link \">\r\n                    <a target=\"\"\r\n                href=\"https:\/\/ivicom-consulting.com\/web\/otvorena-radna-pozicija-mag-ing-dipl-ing-strojarstva-projektant-m-z-vise-izvrsitelja\/\">Otvorena radna pozicija: Mag. ing. \/ Dipl. ing. strojarstva &#8211; Projektant (m\/\u017e) vi\u0161e izvr\u0161itelja<\/a>\r\n            <\/div>\r\n    <div class=\"element element_2  excerpt \">\r\n        \u00a0Opis posla: Izrada strojarske projektne dokumentacije sa naglaskom na izgradnju industrijskih postrojenja (rafinerijska prerada, energetska postrojenja, cementna industrija, obnovljivi izvori            <\/div>\r\n            <a class=\"element element_3  read_more \"\r\n            target=\"\"\r\n            href=\"https:\/\/ivicom-consulting.com\/web\/otvorena-radna-pozicija-mag-ing-dipl-ing-strojarstva-projektant-m-z-vise-izvrsitelja\/\"><\/a>\r\n      <\/div>\n    <\/div>\n  <\/div><div class=\"item item-1153 skin flat odd 3 \">\n        <div class=\"layer-wrapper layout-\">\n        <div class=\"layer-media\"><\/div>\n  <div class=\"layer-content\">\n        <div\r\n        class=\"element element_0  element-media \">\r\n        <a target=\"_self\" href=\"https:\/\/ivicom-consulting.com\/web\/otvorena-radna-pozicija-mag-ing-dipl-ing-elektrotehnike-projektant-elektro-energetskih-sustava-m-z\/\"><img loading=\"lazy\" decoding=\"async\" width=\"750\" height=\"500\" src=\"https:\/\/ivicom-consulting.com\/web\/wp-content\/uploads\/2023\/02\/hiring-concept-with-pawns-1024x683.jpg\" class=\"attachment-large size-large wp-post-image\" alt=\"\" \/><\/a>    <\/div>\r\n    <div class=\"element element_1  title_link \">\r\n                    <a target=\"\"\r\n                href=\"https:\/\/ivicom-consulting.com\/web\/otvorena-radna-pozicija-mag-ing-dipl-ing-elektrotehnike-projektant-elektro-energetskih-sustava-m-z\/\">Otvorena radna pozicija: Mag. ing. \/ Dipl. ing. elektrotehnike &#8211; Projektant elektro energetskih sustava (m\/\u017e) vi\u0161e izvr\u0161itelja<\/a>\r\n            <\/div>\r\n    <div class=\"element element_2  excerpt \">\r\n        Opis posla i zadataka:\u00a0Tra\u017eimo stru\u010dnog i motiviranog projektanta elektroenergetskih objekata za rad u dinami\u010dnom i izazovnom okru\u017eenju. Kandidat \u0107e biti            <\/div>\r\n            <a class=\"element element_3  read_more \"\r\n            target=\"\"\r\n            href=\"https:\/\/ivicom-consulting.com\/web\/otvorena-radna-pozicija-mag-ing-dipl-ing-elektrotehnike-projektant-elektro-energetskih-sustava-m-z\/\"><\/a>\r\n      <\/div>\n    <\/div>\n  <\/div><div class=\"item item-896 skin flat even 4 \">\n        <div class=\"layer-wrapper layout-\">\n        <div class=\"layer-media\"><\/div>\n  <div class=\"layer-content\">\n        <div\r\n        class=\"element element_0  element-media \">\r\n        <a target=\"_self\" href=\"https:\/\/ivicom-consulting.com\/web\/otvorena-radna-pozicija-nadzorni-inzenjer-elektrotehnicke-struke\/\"><img loading=\"lazy\" decoding=\"async\" width=\"750\" height=\"500\" src=\"https:\/\/ivicom-consulting.com\/web\/wp-content\/uploads\/2023\/02\/hiring-concept-with-pawns-1024x683.jpg\" class=\"attachment-large size-large wp-post-image\" alt=\"\" \/><\/a>    <\/div>\r\n    <div class=\"element element_1  title_link \">\r\n                    <a target=\"\"\r\n                href=\"https:\/\/ivicom-consulting.com\/web\/otvorena-radna-pozicija-nadzorni-inzenjer-elektrotehnicke-struke\/\">Otvorena radna pozicija: Nadzorni in\u017eenjer elektrotehni\u010dke struke<\/a>\r\n            <\/div>\r\n    <div class=\"element element_2  excerpt \">\r\n        Opis posla: Nadzorni in\u017eenjer (radovi stru\u010dnog nadzora) u naftnoj i petrokemijskoj industriji te energetskim i infrastrukturnim projektima: profesionalno i pravovremeno            <\/div>\r\n            <a class=\"element element_3  read_more \"\r\n            target=\"\"\r\n            href=\"https:\/\/ivicom-consulting.com\/web\/otvorena-radna-pozicija-nadzorni-inzenjer-elektrotehnicke-struke\/\"><\/a>\r\n      <\/div>\n    <\/div>\n  <\/div>    <\/div>\n    <div class=\"pagination\">\n      <div class=\"paginate\">\n      <\/div>\n  <style type=\"text\/css\">\n    #post-grid-1185 .pagination .page-numbers {\n      font-size: 16px;\n      color: #fff;\n      background: #646464;\n    }\n\n    #post-grid-1185 .pagination .page-numbers:hover,\n    #post-grid-1185 .pagination .page-numbers.current {\n      background: #4b4b4b;\n    }\n  <\/style>\n  <\/div>\n      <script>\n          <\/script>\n    <style type=\"text\/css\">\n    #post-grid-1185 .element_0 {\n      display: block;font-size: 21px;line-height: normal;padding: 5px 10px;text-align: left; text-decoration: none;    }\n\n    #post-grid-1185 .element_1 {\n      display: block;font-size: 21px;line-height: normal;padding: 5px 10px;text-align: left; text-decoration: none;    }\n\n    #post-grid-1185 .element_2 {\n      display: block;font-size: 14px;padding: 5px 10px;text-align: left;    }\n\n    #post-grid-1185 .element_3 {\n      display: block;font-size: 12px;font-weight: bold;padding: 0 10px;text-align: left;text-decoration: none;    }\n\n    #post-grid-1185 .element_0:hover{}#post-grid-1185 .element_1:hover{}#post-grid-1185 .element_2:hover{}#post-grid-1185 .element_3:hover{}  <\/style>\n  <style type=\"text\/css\">\n    #post-grid-1185 {\n          }\n\n    #post-grid-1185 .item {\n      padding: 0px;\n      background: #fff;\n          }\n\n    #post-grid-1185 .item .layer-media {\n      height:auto;    }\n\n    @media only screen and (min-width: 0px) and (max-width: 767px) {\n      #post-grid-1185 .grid-items {\n        display: grid;\n        grid-template-columns: 1fr ;\n        column-gap: 10px;\n        row-gap: 10px;\n              }\n\n      #post-grid-1185 .item {\n        height:auto;      }\n    }\n\n    @media only screen and (min-width: 768px) and (max-width: 1023px) {\n      #post-grid-1185 .grid-items {\n        display: grid;\n        grid-template-columns: 1fr 1fr ;\n        column-gap: 10px;\n        row-gap: 10px;\n              }\n\n      #post-grid-1185 .item {\n        max-height:auto;      }\n    }\n\n    @media only screen and (min-width: 1024px) {\n      #post-grid-1185 .grid-items {\n        display: grid;\n        grid-template-columns: 1fr 1fr 1fr ;\n        column-gap: 10px;\n        row-gap: 10px;\n              }\n\n      #post-grid-1185 .item {\n        height:auto;      }\n    }\n\n      <\/style>\n  <\/div>\n\n","protected":false},"excerpt":{"rendered":"<p>Po\u0161tovana\/Po\u0161tovani, raduje nas \u0161to ste zainteresirani za posao u na\u0161oj tvrtci! Pozivamo Vas da nam po\u0161aljete svoj \u017eivotopis i molbu na jedan od sljede\u0107ih na\u010dina: preko na\u0161eg Kontakt obrasca\u00a0ili na e-mail: ured@ivicom.hr Tako\u0111er, pozivamo Vas da pratite na\u0161e objave na portalu Moj posao i Linkedin. Va\u0161a \u0107e prijavna dokumentacija biti proslije\u0111ena odgovornim osobama u Odjelu [&hellip;]<\/p>\n","protected":false},"author":1,"featured_media":0,"parent":9,"menu_order":0,"comment_status":"closed","ping_status":"closed","template":"","meta":{"footnotes":""},"class_list":["post-15","page","type-page","status-publish","hentry"],"yoast_head":"<!-- This site is optimized with the Yoast SEO plugin v27.5 - https:\/\/yoast.com\/product\/yoast-seo-wordpress\/ -->\n<title>Karijere i natje\u010daji - Ivicom Consulting<\/title>\n<meta name=\"robots\" content=\"index, follow, max-snippet:-1, max-image-preview:large, max-video-preview:-1\" \/>\n<link rel=\"canonical\" href=\"https:\/\/ivicom-consulting.com\/web\/tvrtka\/karijere-i-natjecaji\/\" \/>\n<meta property=\"og:locale\" content=\"hr_HR\" \/>\n<meta property=\"og:type\" content=\"article\" \/>\n<meta property=\"og:title\" content=\"Karijere i natje\u010daji - Ivicom Consulting\" \/>\n<meta property=\"og:description\" content=\"Po\u0161tovana\/Po\u0161tovani, raduje nas \u0161to ste zainteresirani za posao u na\u0161oj tvrtci! Pozivamo Vas da nam po\u0161aljete svoj \u017eivotopis i molbu na jedan od sljede\u0107ih na\u010dina: preko na\u0161eg Kontakt obrasca\u00a0ili na e-mail: ured@ivicom.hr Tako\u0111er, pozivamo Vas da pratite na\u0161e objave na portalu Moj posao i Linkedin. Va\u0161a \u0107e prijavna dokumentacija biti proslije\u0111ena odgovornim osobama u Odjelu [&hellip;]\" \/>\n<meta property=\"og:url\" content=\"https:\/\/ivicom-consulting.com\/web\/tvrtka\/karijere-i-natjecaji\/\" \/>\n<meta property=\"og:site_name\" content=\"Ivicom Consulting\" \/>\n<meta property=\"article:modified_time\" content=\"2025-03-26T14:49:10+00:00\" \/>\n<meta property=\"og:image\" content=\"https:\/\/ivicom-consulting.com\/web\/wp-content\/uploads\/2014\/10\/hr_karijere.jpg\" \/>\n\t<meta property=\"og:image:width\" content=\"669\" \/>\n\t<meta property=\"og:image:height\" content=\"75\" \/>\n\t<meta property=\"og:image:type\" content=\"image\/jpeg\" \/>\n<meta name=\"twitter:label1\" content=\"Procijenjeno vrijeme \u010ditanja\" \/>\n\t<meta name=\"twitter:data1\" content=\"2 minute\" \/>\n<script type=\"application\/ld+json\" class=\"yoast-schema-graph\">{\"@context\":\"https:\\\/\\\/schema.org\",\"@graph\":[{\"@type\":\"WebPage\",\"@id\":\"https:\\\/\\\/ivicom-consulting.com\\\/web\\\/tvrtka\\\/karijere-i-natjecaji\\\/\",\"url\":\"https:\\\/\\\/ivicom-consulting.com\\\/web\\\/tvrtka\\\/karijere-i-natjecaji\\\/\",\"name\":\"Karijere i natje\u010daji - Ivicom Consulting\",\"isPartOf\":{\"@id\":\"https:\\\/\\\/ivicom-consulting.com\\\/web\\\/#website\"},\"primaryImageOfPage\":{\"@id\":\"https:\\\/\\\/ivicom-consulting.com\\\/web\\\/tvrtka\\\/karijere-i-natjecaji\\\/#primaryimage\"},\"image\":{\"@id\":\"https:\\\/\\\/ivicom-consulting.com\\\/web\\\/tvrtka\\\/karijere-i-natjecaji\\\/#primaryimage\"},\"thumbnailUrl\":\"http:\\\/\\\/ivicom-consulting.com\\\/web\\\/wp-content\\\/uploads\\\/2014\\\/10\\\/hr_karijere.jpg\",\"datePublished\":\"2014-10-29T10:48:07+00:00\",\"dateModified\":\"2025-03-26T14:49:10+00:00\",\"breadcrumb\":{\"@id\":\"https:\\\/\\\/ivicom-consulting.com\\\/web\\\/tvrtka\\\/karijere-i-natjecaji\\\/#breadcrumb\"},\"inLanguage\":\"hr\",\"potentialAction\":[{\"@type\":\"ReadAction\",\"target\":[\"https:\\\/\\\/ivicom-consulting.com\\\/web\\\/tvrtka\\\/karijere-i-natjecaji\\\/\"]}]},{\"@type\":\"ImageObject\",\"inLanguage\":\"hr\",\"@id\":\"https:\\\/\\\/ivicom-consulting.com\\\/web\\\/tvrtka\\\/karijere-i-natjecaji\\\/#primaryimage\",\"url\":\"http:\\\/\\\/ivicom-consulting.com\\\/web\\\/wp-content\\\/uploads\\\/2014\\\/10\\\/hr_karijere.jpg\",\"contentUrl\":\"http:\\\/\\\/ivicom-consulting.com\\\/web\\\/wp-content\\\/uploads\\\/2014\\\/10\\\/hr_karijere.jpg\"},{\"@type\":\"BreadcrumbList\",\"@id\":\"https:\\\/\\\/ivicom-consulting.com\\\/web\\\/tvrtka\\\/karijere-i-natjecaji\\\/#breadcrumb\",\"itemListElement\":[{\"@type\":\"ListItem\",\"position\":1,\"name\":\"Home\",\"item\":\"https:\\\/\\\/ivicom-consulting.com\\\/web\\\/language\\\/hr\\\/\"},{\"@type\":\"ListItem\",\"position\":2,\"name\":\"Tvrtka\",\"item\":\"https:\\\/\\\/ivicom-consulting.com\\\/web\\\/tvrtka\\\/\"},{\"@type\":\"ListItem\",\"position\":3,\"name\":\"Karijere i natje\u010daji\"}]},{\"@type\":\"WebSite\",\"@id\":\"https:\\\/\\\/ivicom-consulting.com\\\/web\\\/#website\",\"url\":\"https:\\\/\\\/ivicom-consulting.com\\\/web\\\/\",\"name\":\"Ivicom Consulting\",\"description\":\"Ivicom Consulting\",\"potentialAction\":[{\"@type\":\"SearchAction\",\"target\":{\"@type\":\"EntryPoint\",\"urlTemplate\":\"https:\\\/\\\/ivicom-consulting.com\\\/web\\\/?s={search_term_string}\"},\"query-input\":{\"@type\":\"PropertyValueSpecification\",\"valueRequired\":true,\"valueName\":\"search_term_string\"}}],\"inLanguage\":\"hr\"}]}<\/script>\n<!-- \/ Yoast SEO plugin. -->","yoast_head_json":{"title":"Karijere i natje\u010daji - Ivicom Consulting","robots":{"index":"index","follow":"follow","max-snippet":"max-snippet:-1","max-image-preview":"max-image-preview:large","max-video-preview":"max-video-preview:-1"},"canonical":"https:\/\/ivicom-consulting.com\/web\/tvrtka\/karijere-i-natjecaji\/","og_locale":"hr_HR","og_type":"article","og_title":"Karijere i natje\u010daji - Ivicom Consulting","og_description":"Po\u0161tovana\/Po\u0161tovani, raduje nas \u0161to ste zainteresirani za posao u na\u0161oj tvrtci! Pozivamo Vas da nam po\u0161aljete svoj \u017eivotopis i molbu na jedan od sljede\u0107ih na\u010dina: preko na\u0161eg Kontakt obrasca\u00a0ili na e-mail: ured@ivicom.hr Tako\u0111er, pozivamo Vas da pratite na\u0161e objave na portalu Moj posao i Linkedin. Va\u0161a \u0107e prijavna dokumentacija biti proslije\u0111ena odgovornim osobama u Odjelu [&hellip;]","og_url":"https:\/\/ivicom-consulting.com\/web\/tvrtka\/karijere-i-natjecaji\/","og_site_name":"Ivicom Consulting","article_modified_time":"2025-03-26T14:49:10+00:00","og_image":[{"width":669,"height":75,"url":"https:\/\/ivicom-consulting.com\/web\/wp-content\/uploads\/2014\/10\/hr_karijere.jpg","type":"image\/jpeg"}],"twitter_misc":{"Procijenjeno vrijeme \u010ditanja":"2 minute"},"schema":{"@context":"https:\/\/schema.org","@graph":[{"@type":"WebPage","@id":"https:\/\/ivicom-consulting.com\/web\/tvrtka\/karijere-i-natjecaji\/","url":"https:\/\/ivicom-consulting.com\/web\/tvrtka\/karijere-i-natjecaji\/","name":"Karijere i natje\u010daji - Ivicom Consulting","isPartOf":{"@id":"https:\/\/ivicom-consulting.com\/web\/#website"},"primaryImageOfPage":{"@id":"https:\/\/ivicom-consulting.com\/web\/tvrtka\/karijere-i-natjecaji\/#primaryimage"},"image":{"@id":"https:\/\/ivicom-consulting.com\/web\/tvrtka\/karijere-i-natjecaji\/#primaryimage"},"thumbnailUrl":"http:\/\/ivicom-consulting.com\/web\/wp-content\/uploads\/2014\/10\/hr_karijere.jpg","datePublished":"2014-10-29T10:48:07+00:00","dateModified":"2025-03-26T14:49:10+00:00","breadcrumb":{"@id":"https:\/\/ivicom-consulting.com\/web\/tvrtka\/karijere-i-natjecaji\/#breadcrumb"},"inLanguage":"hr","potentialAction":[{"@type":"ReadAction","target":["https:\/\/ivicom-consulting.com\/web\/tvrtka\/karijere-i-natjecaji\/"]}]},{"@type":"ImageObject","inLanguage":"hr","@id":"https:\/\/ivicom-consulting.com\/web\/tvrtka\/karijere-i-natjecaji\/#primaryimage","url":"http:\/\/ivicom-consulting.com\/web\/wp-content\/uploads\/2014\/10\/hr_karijere.jpg","contentUrl":"http:\/\/ivicom-consulting.com\/web\/wp-content\/uploads\/2014\/10\/hr_karijere.jpg"},{"@type":"BreadcrumbList","@id":"https:\/\/ivicom-consulting.com\/web\/tvrtka\/karijere-i-natjecaji\/#breadcrumb","itemListElement":[{"@type":"ListItem","position":1,"name":"Home","item":"https:\/\/ivicom-consulting.com\/web\/language\/hr\/"},{"@type":"ListItem","position":2,"name":"Tvrtka","item":"https:\/\/ivicom-consulting.com\/web\/tvrtka\/"},{"@type":"ListItem","position":3,"name":"Karijere i natje\u010daji"}]},{"@type":"WebSite","@id":"https:\/\/ivicom-consulting.com\/web\/#website","url":"https:\/\/ivicom-consulting.com\/web\/","name":"Ivicom Consulting","description":"Ivicom Consulting","potentialAction":[{"@type":"SearchAction","target":{"@type":"EntryPoint","urlTemplate":"https:\/\/ivicom-consulting.com\/web\/?s={search_term_string}"},"query-input":{"@type":"PropertyValueSpecification","valueRequired":true,"valueName":"search_term_string"}}],"inLanguage":"hr"}]}},"_links":{"self":[{"href":"https:\/\/ivicom-consulting.com\/web\/wp-json\/wp\/v2\/pages\/15","targetHints":{"allow":["GET"]}}],"collection":[{"href":"https:\/\/ivicom-consulting.com\/web\/wp-json\/wp\/v2\/pages"}],"about":[{"href":"https:\/\/ivicom-consulting.com\/web\/wp-json\/wp\/v2\/types\/page"}],"author":[{"embeddable":true,"href":"https:\/\/ivicom-consulting.com\/web\/wp-json\/wp\/v2\/users\/1"}],"replies":[{"embeddable":true,"href":"https:\/\/ivicom-consulting.com\/web\/wp-json\/wp\/v2\/comments?post=15"}],"version-history":[{"count":33,"href":"https:\/\/ivicom-consulting.com\/web\/wp-json\/wp\/v2\/pages\/15\/revisions"}],"predecessor-version":[{"id":1187,"href":"https:\/\/ivicom-consulting.com\/web\/wp-json\/wp\/v2\/pages\/15\/revisions\/1187"}],"up":[{"embeddable":true,"href":"https:\/\/ivicom-consulting.com\/web\/wp-json\/wp\/v2\/pages\/9"}],"wp:attachment":[{"href":"https:\/\/ivicom-consulting.com\/web\/wp-json\/wp\/v2\/media?parent=15"}],"curies":[{"name":"wp","href":"https:\/\/api.w.org\/{rel}","templated":true}]}}