{"id":1244,"date":"2026-02-19T08:11:09","date_gmt":"2026-02-19T08:11:09","guid":{"rendered":"https:\/\/ivicom-consulting.com\/web\/?page_id=1244"},"modified":"2026-02-19T08:18:33","modified_gmt":"2026-02-19T08:18:33","slug":"eu-projekt","status":"publish","type":"page","link":"https:\/\/ivicom-consulting.com\/web\/eu-projekt\/","title":{"rendered":"EU projekt"},"content":{"rendered":"<p><img loading=\"lazy\" decoding=\"async\" class=\"alignnone size-full wp-image-1257\" src=\"https:\/\/ivicom-consulting.com\/web\/wp-content\/uploads\/2026\/02\/eufin.jpg\" alt=\"\" width=\"317\" height=\"39\" srcset=\"https:\/\/ivicom-consulting.com\/web\/wp-content\/uploads\/2026\/02\/eufin.jpg 317w, https:\/\/ivicom-consulting.com\/web\/wp-content\/uploads\/2026\/02\/eufin-300x37.jpg 300w, https:\/\/ivicom-consulting.com\/web\/wp-content\/uploads\/2026\/02\/eufin-24x3.jpg 24w, https:\/\/ivicom-consulting.com\/web\/wp-content\/uploads\/2026\/02\/eufin-36x4.jpg 36w, https:\/\/ivicom-consulting.com\/web\/wp-content\/uploads\/2026\/02\/eufin-48x6.jpg 48w\" sizes=\"auto, (max-width: 317px) 100vw, 317px\" \/><\/p>\n<p>Kvalitetu tvrtke IVICOM Consulting d.o.o. prepoznale su institucije Europske unije koje podupiru na\u0161 projekt pod nazivom:<\/p>\n<h3><strong>\u201eUnaprje\u0111enje poslovnih procesa tvrtke IVICOM Consulting d.o.o.\u201c (PK.1.3.04.0094)<\/strong><\/h3>\n<p>Projekt je odobren u sklopu natje\u010daja \u201ePotpora poduze\u0107ima za certifikaciju proizvoda i uvo\u0111enje sustava upravljanja\u201c (PK.1.3.04) s ciljem osna\u017eivanja kapacitete tvrtke uvo\u0111enjem normi ISO 26000 i ISO\/IEC 27001 tj. optimizacije i unaprje\u0111enja poslovnih procesa, a \u0161to \u0107e doprinijeti pove\u0107anju njezine (me\u0111unarodne) konkurentnosti, olak\u0161avanju pristupa (me\u0111unarodnom) tr\u017ei\u0161tu i pove\u0107anju konkurentnosti MSP-ova certifikacijom sustava upravljanja u skladu sa zahtjevima me\u0111unarodno priznatih normi.<\/p>\n<p>Konkretno, uspje\u0161nom provedbom projekta do\u0107i \u0107e do (izme\u0111u ostalog):<\/p>\n<ul>\n<li>Rasta prihoda od prodaje.<\/li>\n<li>Ostvarenja prihoda od izvoza.<\/li>\n<li>Optimizacije i unaprje\u0111enja 9 poslovnih procesa.<\/li>\n<li>Smanjenja tro\u0161kova poslovanja.<\/li>\n<\/ul>\n<p><span style=\"color: #0043c9;\"><strong>UKUPNA VRIJEDNOST PROJEKTA: 47.936,00 EUR<br \/>\n<\/strong><strong>EU SUFINANCIRANJE PROJEKTA: 21.053,49 EUR<br \/>\n<\/strong>Razdoblje provedbe projekta: 01.09.2025. \u2013 01.09.2026.<\/span><\/p>\n<p><strong>Kontakt osoba:<\/strong><\/p>\n<ul>\n<li>Josip Gra\u0161a<\/li>\n<li>Broj telefona osobe za kontakt: +385 1 665 2930<\/li>\n<li>Adresa elektronske po\u0161te osobe za kontakt: info@ivicom.hr<\/li>\n<\/ul>\n<p><strong>Kontakt relevantnih institucija:<\/strong><\/p>\n<ul>\n<li>Program Konkurentnost i kohezija 2021.-2027. (https:\/\/eufondovi.gov.hr\/eu-fondovi\/program-konkurentnost-i-kohezija-2021-2027\/program-konkurentnost-i-kohezija-2021-2027-odobreni-dokument\/)<\/li>\n<\/ul>\n<p>Projekt je sufinancirala Europska unija u okviru Programa Konkurentnost i kohezija 2021. &#8211; 2027., Prioriteta 1. Ja\u010danje gospodarstva ulaganjem u istra\u017eivanje i inovacije, podupiranjem poslovne konkurentnosti, digitalizacije i razvojem vje\u0161tina za pametnu specijalizaciju, Specifi\u010dnog cilja RSO 1.iii. Ja\u010danje odr\u017eivog rasta i konkurentnosti MSP-ova i otvaranje radnih mjesta u njima, me\u0111u ostalim i kroz produktivna ulaganja.<\/p>\n<p>Izneseni stavovi i mi\u0161ljenja samo su autorova i ne odra\u017eavaju nu\u017eno slu\u017ebena stajali\u0161ta Europske unije ili Europske komisije. Ni Europska unija ni Europska komisija ne mogu se smatrati odgovornima za njih.<\/p>\n<p><small>Sadr\u017eaj publikacije isklju\u010diva je odgovornost IVICOM Consulting d.o.o., Ulica Damira Tomljanovi\u0107a &#8211; Gavrana 11, 10 000 Zagreb, Hrvatska.<\/small><\/p>\n","protected":false},"excerpt":{"rendered":"<p>Kvalitetu tvrtke IVICOM Consulting d.o.o. prepoznale su institucije Europske unije koje podupiru na\u0161 projekt pod nazivom: \u201eUnaprje\u0111enje poslovnih procesa tvrtke IVICOM Consulting d.o.o.\u201c (PK.1.3.04.0094) Projekt je odobren u sklopu natje\u010daja \u201ePotpora poduze\u0107ima za certifikaciju proizvoda i uvo\u0111enje sustava upravljanja\u201c (PK.1.3.04) s ciljem osna\u017eivanja kapacitete tvrtke uvo\u0111enjem normi ISO 26000 i ISO\/IEC 27001 tj. optimizacije i [&hellip;]<\/p>\n","protected":false},"author":8,"featured_media":0,"parent":0,"menu_order":0,"comment_status":"closed","ping_status":"closed","template":"","meta":{"footnotes":""},"class_list":["post-1244","page","type-page","status-publish","hentry"],"yoast_head":"<!-- This site is optimized with the Yoast SEO plugin v27.5 - https:\/\/yoast.com\/product\/yoast-seo-wordpress\/ -->\n<title>EU projekt - Ivicom Consulting<\/title>\n<meta name=\"robots\" content=\"index, follow, max-snippet:-1, max-image-preview:large, max-video-preview:-1\" \/>\n<link rel=\"canonical\" href=\"https:\/\/ivicom-consulting.com\/web\/eu-projekt\/\" \/>\n<meta property=\"og:locale\" content=\"hr_HR\" \/>\n<meta property=\"og:type\" content=\"article\" \/>\n<meta property=\"og:title\" content=\"EU projekt - Ivicom Consulting\" \/>\n<meta property=\"og:description\" content=\"Kvalitetu tvrtke IVICOM Consulting d.o.o. prepoznale su institucije Europske unije koje podupiru na\u0161 projekt pod nazivom: \u201eUnaprje\u0111enje poslovnih procesa tvrtke IVICOM Consulting d.o.o.\u201c (PK.1.3.04.0094) Projekt je odobren u sklopu natje\u010daja \u201ePotpora poduze\u0107ima za certifikaciju proizvoda i uvo\u0111enje sustava upravljanja\u201c (PK.1.3.04) s ciljem osna\u017eivanja kapacitete tvrtke uvo\u0111enjem normi ISO 26000 i ISO\/IEC 27001 tj. optimizacije i [&hellip;]\" \/>\n<meta property=\"og:url\" content=\"https:\/\/ivicom-consulting.com\/web\/eu-projekt\/\" \/>\n<meta property=\"og:site_name\" content=\"Ivicom Consulting\" \/>\n<meta property=\"article:modified_time\" content=\"2026-02-19T08:18:33+00:00\" \/>\n<meta property=\"og:image\" content=\"https:\/\/ivicom-consulting.com\/web\/wp-content\/uploads\/2026\/02\/eufin.jpg\" \/>\n\t<meta property=\"og:image:width\" content=\"317\" \/>\n\t<meta property=\"og:image:height\" content=\"39\" \/>\n\t<meta property=\"og:image:type\" content=\"image\/jpeg\" \/>\n<meta name=\"twitter:label1\" content=\"Procijenjeno vrijeme \u010ditanja\" \/>\n\t<meta name=\"twitter:data1\" content=\"2 minute\" \/>\n<script type=\"application\/ld+json\" class=\"yoast-schema-graph\">{\"@context\":\"https:\\\/\\\/schema.org\",\"@graph\":[{\"@type\":\"WebPage\",\"@id\":\"https:\\\/\\\/ivicom-consulting.com\\\/web\\\/eu-projekt\\\/\",\"url\":\"https:\\\/\\\/ivicom-consulting.com\\\/web\\\/eu-projekt\\\/\",\"name\":\"EU projekt - Ivicom Consulting\",\"isPartOf\":{\"@id\":\"https:\\\/\\\/ivicom-consulting.com\\\/web\\\/#website\"},\"primaryImageOfPage\":{\"@id\":\"https:\\\/\\\/ivicom-consulting.com\\\/web\\\/eu-projekt\\\/#primaryimage\"},\"image\":{\"@id\":\"https:\\\/\\\/ivicom-consulting.com\\\/web\\\/eu-projekt\\\/#primaryimage\"},\"thumbnailUrl\":\"https:\\\/\\\/ivicom-consulting.com\\\/web\\\/wp-content\\\/uploads\\\/2026\\\/02\\\/eufin.jpg\",\"datePublished\":\"2026-02-19T08:11:09+00:00\",\"dateModified\":\"2026-02-19T08:18:33+00:00\",\"breadcrumb\":{\"@id\":\"https:\\\/\\\/ivicom-consulting.com\\\/web\\\/eu-projekt\\\/#breadcrumb\"},\"inLanguage\":\"hr\",\"potentialAction\":[{\"@type\":\"ReadAction\",\"target\":[\"https:\\\/\\\/ivicom-consulting.com\\\/web\\\/eu-projekt\\\/\"]}]},{\"@type\":\"ImageObject\",\"inLanguage\":\"hr\",\"@id\":\"https:\\\/\\\/ivicom-consulting.com\\\/web\\\/eu-projekt\\\/#primaryimage\",\"url\":\"https:\\\/\\\/ivicom-consulting.com\\\/web\\\/wp-content\\\/uploads\\\/2026\\\/02\\\/eufin.jpg\",\"contentUrl\":\"https:\\\/\\\/ivicom-consulting.com\\\/web\\\/wp-content\\\/uploads\\\/2026\\\/02\\\/eufin.jpg\",\"width\":317,\"height\":39},{\"@type\":\"BreadcrumbList\",\"@id\":\"https:\\\/\\\/ivicom-consulting.com\\\/web\\\/eu-projekt\\\/#breadcrumb\",\"itemListElement\":[{\"@type\":\"ListItem\",\"position\":1,\"name\":\"Home\",\"item\":\"https:\\\/\\\/ivicom-consulting.com\\\/web\\\/language\\\/hr\\\/\"},{\"@type\":\"ListItem\",\"position\":2,\"name\":\"EU projekt\"}]},{\"@type\":\"WebSite\",\"@id\":\"https:\\\/\\\/ivicom-consulting.com\\\/web\\\/#website\",\"url\":\"https:\\\/\\\/ivicom-consulting.com\\\/web\\\/\",\"name\":\"Ivicom Consulting\",\"description\":\"Ivicom Consulting\",\"potentialAction\":[{\"@type\":\"SearchAction\",\"target\":{\"@type\":\"EntryPoint\",\"urlTemplate\":\"https:\\\/\\\/ivicom-consulting.com\\\/web\\\/?s={search_term_string}\"},\"query-input\":{\"@type\":\"PropertyValueSpecification\",\"valueRequired\":true,\"valueName\":\"search_term_string\"}}],\"inLanguage\":\"hr\"}]}<\/script>\n<!-- \/ Yoast SEO plugin. -->","yoast_head_json":{"title":"EU projekt - Ivicom Consulting","robots":{"index":"index","follow":"follow","max-snippet":"max-snippet:-1","max-image-preview":"max-image-preview:large","max-video-preview":"max-video-preview:-1"},"canonical":"https:\/\/ivicom-consulting.com\/web\/eu-projekt\/","og_locale":"hr_HR","og_type":"article","og_title":"EU projekt - Ivicom Consulting","og_description":"Kvalitetu tvrtke IVICOM Consulting d.o.o. prepoznale su institucije Europske unije koje podupiru na\u0161 projekt pod nazivom: \u201eUnaprje\u0111enje poslovnih procesa tvrtke IVICOM Consulting d.o.o.\u201c (PK.1.3.04.0094) Projekt je odobren u sklopu natje\u010daja \u201ePotpora poduze\u0107ima za certifikaciju proizvoda i uvo\u0111enje sustava upravljanja\u201c (PK.1.3.04) s ciljem osna\u017eivanja kapacitete tvrtke uvo\u0111enjem normi ISO 26000 i ISO\/IEC 27001 tj. optimizacije i [&hellip;]","og_url":"https:\/\/ivicom-consulting.com\/web\/eu-projekt\/","og_site_name":"Ivicom Consulting","article_modified_time":"2026-02-19T08:18:33+00:00","og_image":[{"width":317,"height":39,"url":"https:\/\/ivicom-consulting.com\/web\/wp-content\/uploads\/2026\/02\/eufin.jpg","type":"image\/jpeg"}],"twitter_misc":{"Procijenjeno vrijeme \u010ditanja":"2 minute"},"schema":{"@context":"https:\/\/schema.org","@graph":[{"@type":"WebPage","@id":"https:\/\/ivicom-consulting.com\/web\/eu-projekt\/","url":"https:\/\/ivicom-consulting.com\/web\/eu-projekt\/","name":"EU projekt - Ivicom Consulting","isPartOf":{"@id":"https:\/\/ivicom-consulting.com\/web\/#website"},"primaryImageOfPage":{"@id":"https:\/\/ivicom-consulting.com\/web\/eu-projekt\/#primaryimage"},"image":{"@id":"https:\/\/ivicom-consulting.com\/web\/eu-projekt\/#primaryimage"},"thumbnailUrl":"https:\/\/ivicom-consulting.com\/web\/wp-content\/uploads\/2026\/02\/eufin.jpg","datePublished":"2026-02-19T08:11:09+00:00","dateModified":"2026-02-19T08:18:33+00:00","breadcrumb":{"@id":"https:\/\/ivicom-consulting.com\/web\/eu-projekt\/#breadcrumb"},"inLanguage":"hr","potentialAction":[{"@type":"ReadAction","target":["https:\/\/ivicom-consulting.com\/web\/eu-projekt\/"]}]},{"@type":"ImageObject","inLanguage":"hr","@id":"https:\/\/ivicom-consulting.com\/web\/eu-projekt\/#primaryimage","url":"https:\/\/ivicom-consulting.com\/web\/wp-content\/uploads\/2026\/02\/eufin.jpg","contentUrl":"https:\/\/ivicom-consulting.com\/web\/wp-content\/uploads\/2026\/02\/eufin.jpg","width":317,"height":39},{"@type":"BreadcrumbList","@id":"https:\/\/ivicom-consulting.com\/web\/eu-projekt\/#breadcrumb","itemListElement":[{"@type":"ListItem","position":1,"name":"Home","item":"https:\/\/ivicom-consulting.com\/web\/language\/hr\/"},{"@type":"ListItem","position":2,"name":"EU projekt"}]},{"@type":"WebSite","@id":"https:\/\/ivicom-consulting.com\/web\/#website","url":"https:\/\/ivicom-consulting.com\/web\/","name":"Ivicom Consulting","description":"Ivicom Consulting","potentialAction":[{"@type":"SearchAction","target":{"@type":"EntryPoint","urlTemplate":"https:\/\/ivicom-consulting.com\/web\/?s={search_term_string}"},"query-input":{"@type":"PropertyValueSpecification","valueRequired":true,"valueName":"search_term_string"}}],"inLanguage":"hr"}]}},"_links":{"self":[{"href":"https:\/\/ivicom-consulting.com\/web\/wp-json\/wp\/v2\/pages\/1244","targetHints":{"allow":["GET"]}}],"collection":[{"href":"https:\/\/ivicom-consulting.com\/web\/wp-json\/wp\/v2\/pages"}],"about":[{"href":"https:\/\/ivicom-consulting.com\/web\/wp-json\/wp\/v2\/types\/page"}],"author":[{"embeddable":true,"href":"https:\/\/ivicom-consulting.com\/web\/wp-json\/wp\/v2\/users\/8"}],"replies":[{"embeddable":true,"href":"https:\/\/ivicom-consulting.com\/web\/wp-json\/wp\/v2\/comments?post=1244"}],"version-history":[{"count":13,"href":"https:\/\/ivicom-consulting.com\/web\/wp-json\/wp\/v2\/pages\/1244\/revisions"}],"predecessor-version":[{"id":1258,"href":"https:\/\/ivicom-consulting.com\/web\/wp-json\/wp\/v2\/pages\/1244\/revisions\/1258"}],"wp:attachment":[{"href":"https:\/\/ivicom-consulting.com\/web\/wp-json\/wp\/v2\/media?parent=1244"}],"curies":[{"name":"wp","href":"https:\/\/api.w.org\/{rel}","templated":true}]}}